{"id":515,"date":"2023-10-19T21:28:57","date_gmt":"2023-10-19T19:28:57","guid":{"rendered":"https:\/\/skillstorm.jobs\/politique-en-matiere-de-cookies\/"},"modified":"2025-10-16T10:58:44","modified_gmt":"2025-10-16T08:58:44","slug":"politique-en-matiere-de-cookies","status":"publish","type":"page","link":"https:\/\/hello.skillflash.be\/fr\/politique-en-matiere-de-cookies\/","title":{"rendered":"Politique en mati\u00e8re de cookies"},"content":{"rendered":"\t\t<div data-elementor-type=\"wp-page\" data-elementor-id=\"515\" class=\"elementor elementor-515 elementor-151\" data-elementor-post-type=\"page\">\n\t\t\t\t\t\t<section class=\"elementor-section elementor-top-section elementor-element elementor-element-25eb82d elementor-section-height-min-height elementor-section-boxed elementor-section-height-default elementor-section-items-middle\" data-id=\"25eb82d\" data-element_type=\"section\" data-e-type=\"section\" data-settings=\"{&quot;background_background&quot;:&quot;classic&quot;}\">\n\t\t\t\t\t\t\t<div class=\"elementor-background-overlay\"><\/div>\n\t\t\t\t\t\t\t<div class=\"elementor-container elementor-column-gap-default\">\n\t\t\t\t\t<div class=\"elementor-column elementor-col-100 elementor-top-column elementor-element elementor-element-e0b36e7\" data-id=\"e0b36e7\" data-element_type=\"column\" data-e-type=\"column\">\n\t\t\t<div class=\"elementor-widget-wrap elementor-element-populated\">\n\t\t\t\t\t\t<div class=\"elementor-element elementor-element-bc4ad4f elementor-widget elementor-widget-heading\" data-id=\"bc4ad4f\" data-element_type=\"widget\" data-e-type=\"widget\" data-widget_type=\"heading.default\">\n\t\t\t\t<div class=\"elementor-widget-container\">\n\t\t\t\t\t<h2 class=\"elementor-heading-title elementor-size-default\">Politique en mati\u00e8re de cookies<\/h2>\t\t\t\t<\/div>\n\t\t\t\t<\/div>\n\t\t\t\t\t<\/div>\n\t\t<\/div>\n\t\t\t\t\t<\/div>\n\t\t<\/section>\n\t\t\t\t<section class=\"elementor-section elementor-top-section elementor-element elementor-element-958541f elementor-section-boxed elementor-section-height-default elementor-section-height-default\" data-id=\"958541f\" data-element_type=\"section\" data-e-type=\"section\" data-settings=\"{&quot;background_background&quot;:&quot;classic&quot;}\">\n\t\t\t\t\t\t<div class=\"elementor-container elementor-column-gap-default\">\n\t\t\t\t\t<div class=\"elementor-column elementor-col-100 elementor-top-column elementor-element elementor-element-daf31ad\" data-id=\"daf31ad\" data-element_type=\"column\" data-e-type=\"column\">\n\t\t\t<div class=\"elementor-widget-wrap elementor-element-populated\">\n\t\t\t\t\t\t<div class=\"elementor-element elementor-element-e128311 elementor-widget elementor-widget-text-editor\" data-id=\"e128311\" data-element_type=\"widget\" data-e-type=\"widget\" data-widget_type=\"text-editor.default\">\n\t\t\t\t<div class=\"elementor-widget-container\">\n\t\t\t\t\t\t\t\t\t<p>Les cookies sont de petits fichiers de donn\u00e9es stock\u00e9s dans la m\u00e9moire de l&rsquo;appareil qui nous permettent d&rsquo;am\u00e9liorer les services de JAGUMA (trading as SkillFlash) et votre exp\u00e9rience d&rsquo;utilisateur, de voir quelles zones et fonctionnalit\u00e9s des services fournis par JAGUMA sont populaires et de compter les visites.<\/p>\n<p>JAGUMA utilise \u00e0 la fois des cookies fonctionnels et des cookies analytiques.<\/p>\n<p>Les cookies fonctionnels sont essentiels \u00e0 l&rsquo;utilisation de nos sites web, ils enregistrent les pr\u00e9f\u00e9rences des utilisateurs, entre autres, et ne sont pas partag\u00e9s avec des tiers. Les cookies analytiques nous aident \u00e0 am\u00e9liorer notre site en nous donnant des informations sur la fa\u00e7on dont les utilisateurs interagissent avec nos sites web, comme le nombre de visiteurs sur le site web, les pages qu&rsquo;ils visitent et le temps pass\u00e9 sur le site web&#8230; Gr\u00e2ce \u00e0 l&rsquo;utilisation de cookies, JAGUMA peut collecter des donn\u00e9es de nature non sensible, telles que le type de navigateur ou l&rsquo;adresse IP, le programme d&rsquo;exploitation que vous utilisez ou le nom de domaine du site Web par lequel vous \u00eates arriv\u00e9 sur le site en question, ou par lequel vous l&rsquo;avez quitt\u00e9. Ces donn\u00e9es ne sont utilis\u00e9es par JAGUMA que pour mieux comprendre l&rsquo;utilisation que font ses clients du ou des sites web respectifs, afin d&rsquo;am\u00e9liorer les fonctionnalit\u00e9s et l&rsquo;exp\u00e9rience de l&rsquo;utilisateur.<\/p>\n<p>Toutes les informations collect\u00e9es par ces cookies sont agr\u00e9g\u00e9es et donc anonymes.<\/p>\n<p>Nous pouvons \u00e9galement collecter des informations \u00e0 l&rsquo;aide de \u00ab\u00a0balises web\u00a0\u00bb (\u00e9galement connues sous le nom de \u00ab\u00a0pixels de suivi\u00a0\u00bb). Ces technologies impliquent des images \u00e9lectroniques qui peuvent \u00eatre utilis\u00e9es dans les services ou les courriels fournis par JAGUMA et permettent de d\u00e9livrer des cookies, de compter les visites, de comprendre l&rsquo;utilisation et l&rsquo;efficacit\u00e9 des campagnes et de d\u00e9terminer si un courriel a \u00e9t\u00e9 ouvert et trait\u00e9.<\/p>\n<p>Plus pr\u00e9cis\u00e9ment, les cookies suivants sont utilis\u00e9s :<\/p>\n<p><span style=\"color: #000000;\"><strong>Cookies n\u00e9cessaires<\/strong><\/span><\/p>\n<p><strong><br><\/strong><\/p>\n<p><strong><\/strong><\/p>\n<p>hjAbsoluteSessionInProgress : Le cookie est d\u00e9fini pour que Hotjar puisse suivre le d\u00e9but du parcours de l&rsquo;utilisateur pour une session totale. Il ne contient pas d&rsquo;informations identifiables<\/p>\n<p>hjFirstSeen : Le cookie est d\u00e9fini de mani\u00e8re \u00e0 ce que Hotjar puisse suivre le d\u00e9but du parcours de l&rsquo;utilisateur pour une session totale. Il ne contient pas d&rsquo;informations identifiables<\/p>\n<p>hjIncludedInSessionSample : Ce cookie est d\u00e9fini pour permettre \u00e0 Hotjar de savoir si ce visiteur est inclus dans l&rsquo;\u00e9chantillonnage de donn\u00e9es tel que d\u00e9fini par la limite de session quotidienne de votre site.<\/p>\n<p>hjIncludedInPageviewSample :Ce cookie est d\u00e9fini pour permettre \u00e0 Hotjar de savoir si ce visiteur est inclus dans l&rsquo;\u00e9chantillonnage de donn\u00e9es d\u00e9fini par la limite de pages vues de votre site.<\/p>\n<p>GRECAPTCHA : Google reCAPTCHA met en place un cookie n\u00e9cessaire (GRECAPTCHA) dans le but de fournir une analyse de risque.<\/p>\n<p>XSRF-TOKEN : Ce cookie est \u00e9crit pour am\u00e9liorer la s\u00e9curit\u00e9 du site en emp\u00eachant les attaques de type Cross-Site Request Forgery.<\/p>\n<p><\/p>\n<p><span style=\"color: #000000;\"><strong>Cookies analytiques<\/strong><\/span><\/p>\n<p><span style=\"font-family: var( --e-global-typography-uicore_text-font-family ), Sans-serif; font-weight: var( --e-global-typography-uicore_text-font-weight ); font-size: var(--global--font-size-base);\"><br>fbp Utilis\u00e9 par Meta pour fournir une gamme de produits publicitaires, tels que des offres en temps r\u00e9el de la part d&rsquo;annonceurs tiers.<\/span><\/p>\n<p>pixels Facebook pour fournir une gamme de produits publicitaires, tels que des offres en temps r\u00e9el de la part d&rsquo;annonceurs tiers<\/p>\n<p>Google Analytics : pour fournir une gamme de produits publicitaires, tels que des offres en temps r\u00e9el de la part d&rsquo;annonceurs tiers.<\/p>\n<p><span style=\"color: #000000;\"><strong>Cookies sans nom<\/strong><\/span><\/p>\n<p><strong><br><\/strong><\/p>\n<p><strong><\/strong><\/p>\n<p>hjSessionUser_2814549<\/p>\n<p>-skillflash_session<\/p>\n<p>hjSession_2814549<\/p>\n<p>La plupart des navigateurs Internet vous permettent de supprimer les cookies de votre disque dur, de les refuser ou de recevoir un avertissement avant l&rsquo;installation d&rsquo;un cookie.<\/p>\n<p>&#8211; Internet Explorer : https:\/\/support.microsoft.com\/nl-be\/help\/17479\/windows-internet-explorer-11-change-security-privacy-settings<\/p>\n<p>&#8211; Chrome : http:\/\/support.google.com\/chrome\/bin\/answer.py?hl=nl&amp;answer=95647<\/p>\n<p>&#8211; Firefox : http:\/\/support.mozilla.org\/nl\/kb\/cookies-in-en-uitschakelen-websites-voorkeuren?redirectlocale=nl&amp;redirectslug=Cookies+in-and+out<\/p>\n<p>&#8211; Safari : http:\/\/support.apple.com\/kb\/PH5042<\/p>\n<p>Veuillez noter que si vous choisissez de bloquer, de supprimer ou de rejeter les cookies, cela peut affecter la disponibilit\u00e9 et la fonctionnalit\u00e9 du site web et des services fournis par JAGUMA.<\/p>\t\t\t\t\t\t\t\t<\/div>\n\t\t\t\t<\/div>\n\t\t\t\t\t<\/div>\n\t\t<\/div>\n\t\t\t\t\t<\/div>\n\t\t<\/section>\n\t\t\t\t<\/div>\n\t\t","protected":false},"excerpt":{"rendered":"<p>Politique en mati\u00e8re de cookies Les cookies sont de petits fichiers de donn\u00e9es stock\u00e9s dans la m\u00e9moire de l&rsquo;appareil qui nous permettent d&rsquo;am\u00e9liorer les services de JAGUMA (trading as SkillFlash) et votre exp\u00e9rience d&rsquo;utilisateur, de voir quelles zones et fonctionnalit\u00e9s des services fournis par JAGUMA sont populaires et de compter les visites. JAGUMA utilise \u00e0&hellip; <a class=\"more-link\" href=\"https:\/\/hello.skillflash.be\/fr\/politique-en-matiere-de-cookies\/\">Poursuivre la lecture <span class=\"screen-reader-text\">Politique en mati\u00e8re de cookies<\/span><\/a><\/p>\n","protected":false},"author":1,"featured_media":0,"parent":0,"menu_order":0,"comment_status":"closed","ping_status":"closed","template":"","meta":{"footnotes":""},"class_list":["post-515","page","type-page","status-publish","hentry","entry"],"yoast_head":"<!-- This site is optimized with the Yoast SEO Premium plugin v26.7 (Yoast SEO v26.7) - https:\/\/yoast.com\/wordpress\/plugins\/seo\/ -->\n<title>La politique en mati\u00e8re de cookies expliqu\u00e9e : Ce que vous devez savoir - %.<\/title>\n<meta name=\"description\" content=\"Comprendre notre politique en mati\u00e8re de cookies et la fa\u00e7on dont les cookies am\u00e9liorent votre exp\u00e9rience sur les sites web de JAGUMA pour un meilleur service.\" \/>\n<meta name=\"robots\" content=\"noindex, nofollow\" \/>\n<meta property=\"og:locale\" content=\"fr_FR\" \/>\n<meta property=\"og:type\" content=\"article\" \/>\n<meta property=\"og:title\" content=\"Politique en mati\u00e8re de cookies\" \/>\n<meta property=\"og:description\" content=\"Comprendre notre politique en mati\u00e8re de cookies et la fa\u00e7on dont les cookies am\u00e9liorent votre exp\u00e9rience sur les sites web de JAGUMA pour un meilleur service.\" \/>\n<meta property=\"og:url\" content=\"https:\/\/hello.skillflash.be\/fr\/politique-en-matiere-de-cookies\/\" \/>\n<meta property=\"og:site_name\" content=\"SkillFlash.be\" \/>\n<meta property=\"article:publisher\" content=\"https:\/\/www.facebook.com\/SkillFlashBE\/\" \/>\n<meta property=\"article:modified_time\" content=\"2025-10-16T08:58:44+00:00\" \/>\n<meta name=\"twitter:card\" content=\"summary_large_image\" \/>\n<meta name=\"twitter:site\" content=\"@SkillFlashBE\" \/>\n<meta name=\"twitter:label1\" content=\"Dur\u00e9e de lecture estim\u00e9e\" \/>\n\t<meta name=\"twitter:data1\" content=\"3 minutes\" \/>\n<script type=\"application\/ld+json\" class=\"yoast-schema-graph\">{\"@context\":\"https:\/\/schema.org\",\"@graph\":[{\"@type\":\"WebPage\",\"@id\":\"https:\/\/hello.skillflash.be\/fr\/politique-en-matiere-de-cookies\/\",\"url\":\"https:\/\/hello.skillflash.be\/fr\/politique-en-matiere-de-cookies\/\",\"name\":\"La politique en mati\u00e8re de cookies expliqu\u00e9e : Ce que vous devez savoir - %.\",\"isPartOf\":{\"@id\":\"https:\/\/hello.skillflash.be\/fr\/#website\"},\"datePublished\":\"2023-10-19T19:28:57+00:00\",\"dateModified\":\"2025-10-16T08:58:44+00:00\",\"description\":\"Comprendre notre politique en mati\u00e8re de cookies et la fa\u00e7on dont les cookies am\u00e9liorent votre exp\u00e9rience sur les sites web de JAGUMA pour un meilleur service.\",\"breadcrumb\":{\"@id\":\"https:\/\/hello.skillflash.be\/fr\/politique-en-matiere-de-cookies\/#breadcrumb\"},\"inLanguage\":\"fr-FR\",\"potentialAction\":[{\"@type\":\"ReadAction\",\"target\":[\"https:\/\/hello.skillflash.be\/fr\/politique-en-matiere-de-cookies\/\"]}]},{\"@type\":\"BreadcrumbList\",\"@id\":\"https:\/\/hello.skillflash.be\/fr\/politique-en-matiere-de-cookies\/#breadcrumb\",\"itemListElement\":[{\"@type\":\"ListItem\",\"position\":1,\"name\":\"Home\",\"item\":\"https:\/\/hello.skillflash.be\/fr\/\"},{\"@type\":\"ListItem\",\"position\":2,\"name\":\"Politique en mati\u00e8re de cookies\"}]},{\"@type\":\"WebSite\",\"@id\":\"https:\/\/hello.skillflash.be\/fr\/#website\",\"url\":\"https:\/\/hello.skillflash.be\/fr\/\",\"name\":\"SkillFlash\",\"description\":\"The innovative recruitment platform for Belgium\",\"publisher\":{\"@id\":\"https:\/\/hello.skillflash.be\/fr\/#organization\"},\"potentialAction\":[{\"@type\":\"SearchAction\",\"target\":{\"@type\":\"EntryPoint\",\"urlTemplate\":\"https:\/\/hello.skillflash.be\/fr\/?s={search_term_string}\"},\"query-input\":{\"@type\":\"PropertyValueSpecification\",\"valueRequired\":true,\"valueName\":\"search_term_string\"}}],\"inLanguage\":\"fr-FR\"},{\"@type\":\"Organization\",\"@id\":\"https:\/\/hello.skillflash.be\/fr\/#organization\",\"name\":\"SkillFlash\",\"url\":\"https:\/\/hello.skillflash.be\/fr\/\",\"logo\":{\"@type\":\"ImageObject\",\"inLanguage\":\"fr-FR\",\"@id\":\"https:\/\/hello.skillflash.be\/fr\/#\/schema\/logo\/image\/\",\"url\":\"https:\/\/hello.skillflash.be\/wp-content\/uploads\/cropped-Source-Logo-Black-Text.png\",\"contentUrl\":\"https:\/\/hello.skillflash.be\/wp-content\/uploads\/cropped-Source-Logo-Black-Text.png\",\"width\":2545,\"height\":576,\"caption\":\"SkillFlash\"},\"image\":{\"@id\":\"https:\/\/hello.skillflash.be\/fr\/#\/schema\/logo\/image\/\"},\"sameAs\":[\"https:\/\/www.facebook.com\/SkillFlashBE\/\",\"https:\/\/x.com\/SkillFlashBE\",\"https:\/\/www.instagram.com\/skillflashbe\",\"https:\/\/www.linkedin.com\/company\/skillflash\"]}]}<\/script>\n<!-- \/ Yoast SEO Premium plugin. -->","yoast_head_json":{"title":"La politique en mati\u00e8re de cookies expliqu\u00e9e : Ce que vous devez savoir - %.","description":"Comprendre notre politique en mati\u00e8re de cookies et la fa\u00e7on dont les cookies am\u00e9liorent votre exp\u00e9rience sur les sites web de JAGUMA pour un meilleur service.","robots":{"index":"noindex","follow":"nofollow"},"og_locale":"fr_FR","og_type":"article","og_title":"Politique en mati\u00e8re de cookies","og_description":"Comprendre notre politique en mati\u00e8re de cookies et la fa\u00e7on dont les cookies am\u00e9liorent votre exp\u00e9rience sur les sites web de JAGUMA pour un meilleur service.","og_url":"https:\/\/hello.skillflash.be\/fr\/politique-en-matiere-de-cookies\/","og_site_name":"SkillFlash.be","article_publisher":"https:\/\/www.facebook.com\/SkillFlashBE\/","article_modified_time":"2025-10-16T08:58:44+00:00","twitter_card":"summary_large_image","twitter_site":"@SkillFlashBE","twitter_misc":{"Dur\u00e9e de lecture estim\u00e9e":"3 minutes"},"schema":{"@context":"https:\/\/schema.org","@graph":[{"@type":"WebPage","@id":"https:\/\/hello.skillflash.be\/fr\/politique-en-matiere-de-cookies\/","url":"https:\/\/hello.skillflash.be\/fr\/politique-en-matiere-de-cookies\/","name":"La politique en mati\u00e8re de cookies expliqu\u00e9e : Ce que vous devez savoir - %.","isPartOf":{"@id":"https:\/\/hello.skillflash.be\/fr\/#website"},"datePublished":"2023-10-19T19:28:57+00:00","dateModified":"2025-10-16T08:58:44+00:00","description":"Comprendre notre politique en mati\u00e8re de cookies et la fa\u00e7on dont les cookies am\u00e9liorent votre exp\u00e9rience sur les sites web de JAGUMA pour un meilleur service.","breadcrumb":{"@id":"https:\/\/hello.skillflash.be\/fr\/politique-en-matiere-de-cookies\/#breadcrumb"},"inLanguage":"fr-FR","potentialAction":[{"@type":"ReadAction","target":["https:\/\/hello.skillflash.be\/fr\/politique-en-matiere-de-cookies\/"]}]},{"@type":"BreadcrumbList","@id":"https:\/\/hello.skillflash.be\/fr\/politique-en-matiere-de-cookies\/#breadcrumb","itemListElement":[{"@type":"ListItem","position":1,"name":"Home","item":"https:\/\/hello.skillflash.be\/fr\/"},{"@type":"ListItem","position":2,"name":"Politique en mati\u00e8re de cookies"}]},{"@type":"WebSite","@id":"https:\/\/hello.skillflash.be\/fr\/#website","url":"https:\/\/hello.skillflash.be\/fr\/","name":"SkillFlash","description":"The innovative recruitment platform for Belgium","publisher":{"@id":"https:\/\/hello.skillflash.be\/fr\/#organization"},"potentialAction":[{"@type":"SearchAction","target":{"@type":"EntryPoint","urlTemplate":"https:\/\/hello.skillflash.be\/fr\/?s={search_term_string}"},"query-input":{"@type":"PropertyValueSpecification","valueRequired":true,"valueName":"search_term_string"}}],"inLanguage":"fr-FR"},{"@type":"Organization","@id":"https:\/\/hello.skillflash.be\/fr\/#organization","name":"SkillFlash","url":"https:\/\/hello.skillflash.be\/fr\/","logo":{"@type":"ImageObject","inLanguage":"fr-FR","@id":"https:\/\/hello.skillflash.be\/fr\/#\/schema\/logo\/image\/","url":"https:\/\/hello.skillflash.be\/wp-content\/uploads\/cropped-Source-Logo-Black-Text.png","contentUrl":"https:\/\/hello.skillflash.be\/wp-content\/uploads\/cropped-Source-Logo-Black-Text.png","width":2545,"height":576,"caption":"SkillFlash"},"image":{"@id":"https:\/\/hello.skillflash.be\/fr\/#\/schema\/logo\/image\/"},"sameAs":["https:\/\/www.facebook.com\/SkillFlashBE\/","https:\/\/x.com\/SkillFlashBE","https:\/\/www.instagram.com\/skillflashbe","https:\/\/www.linkedin.com\/company\/skillflash"]}]}},"_links":{"self":[{"href":"https:\/\/hello.skillflash.be\/fr\/wp-json\/wp\/v2\/pages\/515","targetHints":{"allow":["GET"]}}],"collection":[{"href":"https:\/\/hello.skillflash.be\/fr\/wp-json\/wp\/v2\/pages"}],"about":[{"href":"https:\/\/hello.skillflash.be\/fr\/wp-json\/wp\/v2\/types\/page"}],"author":[{"embeddable":true,"href":"https:\/\/hello.skillflash.be\/fr\/wp-json\/wp\/v2\/users\/1"}],"replies":[{"embeddable":true,"href":"https:\/\/hello.skillflash.be\/fr\/wp-json\/wp\/v2\/comments?post=515"}],"version-history":[{"count":13,"href":"https:\/\/hello.skillflash.be\/fr\/wp-json\/wp\/v2\/pages\/515\/revisions"}],"predecessor-version":[{"id":6493,"href":"https:\/\/hello.skillflash.be\/fr\/wp-json\/wp\/v2\/pages\/515\/revisions\/6493"}],"wp:attachment":[{"href":"https:\/\/hello.skillflash.be\/fr\/wp-json\/wp\/v2\/media?parent=515"}],"curies":[{"name":"wp","href":"https:\/\/api.w.org\/{rel}","templated":true}]}}