{"id":594,"date":"2023-10-25T16:54:29","date_gmt":"2023-10-25T14:54:29","guid":{"rendered":"https:\/\/skillstorm.jobs\/disclaimer\/"},"modified":"2025-10-16T10:57:51","modified_gmt":"2025-10-16T08:57:51","slug":"disclaimer","status":"publish","type":"page","link":"https:\/\/hello.skillflash.be\/fr\/disclaimer\/","title":{"rendered":"Disclaimer"},"content":{"rendered":"\t\t<div data-elementor-type=\"wp-page\" data-elementor-id=\"594\" class=\"elementor elementor-594 elementor-586\" data-elementor-post-type=\"page\">\n\t\t\t\t\t\t<section class=\"elementor-section elementor-top-section elementor-element elementor-element-4ab45df0 elementor-section-height-min-height elementor-section-boxed elementor-section-height-default elementor-section-items-middle\" data-id=\"4ab45df0\" data-element_type=\"section\" data-e-type=\"section\" data-settings=\"{&quot;background_background&quot;:&quot;classic&quot;}\">\n\t\t\t\t\t\t\t<div class=\"elementor-background-overlay\"><\/div>\n\t\t\t\t\t\t\t<div class=\"elementor-container elementor-column-gap-default\">\n\t\t\t\t\t<div class=\"elementor-column elementor-col-100 elementor-top-column elementor-element elementor-element-51a8a408\" data-id=\"51a8a408\" data-element_type=\"column\" data-e-type=\"column\">\n\t\t\t<div class=\"elementor-widget-wrap elementor-element-populated\">\n\t\t\t\t\t\t<div class=\"elementor-element elementor-element-223a945c elementor-widget elementor-widget-heading\" data-id=\"223a945c\" data-element_type=\"widget\" data-e-type=\"widget\" data-widget_type=\"heading.default\">\n\t\t\t\t<div class=\"elementor-widget-container\">\n\t\t\t\t\t<h2 class=\"elementor-heading-title elementor-size-default\">Disclaimer<\/h2>\t\t\t\t<\/div>\n\t\t\t\t<\/div>\n\t\t\t\t\t<\/div>\n\t\t<\/div>\n\t\t\t\t\t<\/div>\n\t\t<\/section>\n\t\t\t\t<section class=\"elementor-section elementor-top-section elementor-element elementor-element-30f55f2d elementor-section-boxed elementor-section-height-default elementor-section-height-default\" data-id=\"30f55f2d\" data-element_type=\"section\" data-e-type=\"section\" data-settings=\"{&quot;background_background&quot;:&quot;classic&quot;}\">\n\t\t\t\t\t\t<div class=\"elementor-container elementor-column-gap-default\">\n\t\t\t\t\t<div class=\"elementor-column elementor-col-100 elementor-top-column elementor-element elementor-element-300d3bbc\" data-id=\"300d3bbc\" data-element_type=\"column\" data-e-type=\"column\">\n\t\t\t<div class=\"elementor-widget-wrap elementor-element-populated\">\n\t\t\t\t\t\t<div class=\"elementor-element elementor-element-7d238878 elementor-widget elementor-widget-text-editor\" data-id=\"7d238878\" data-element_type=\"widget\" data-e-type=\"widget\" data-widget_type=\"text-editor.default\">\n\t\t\t\t<div class=\"elementor-widget-container\">\n\t\t\t\t\t\t\t\t\t<p>Les informations contenues dans ce site web sont uniquement destin\u00e9es \u00e0 des fins d&rsquo;information g\u00e9n\u00e9rale. Les informations sont fournies par JAGUMA BV (trading as SkillFlash) et bien que nous nous efforcions de maintenir les informations \u00e0 jour et correctes, nous ne faisons aucune d\u00e9claration ou garantie de quelque nature que ce soit, expresse ou implicite, concernant l&rsquo;exhaustivit\u00e9, l&rsquo;exactitude, la fiabilit\u00e9, l&rsquo;ad\u00e9quation ou la disponibilit\u00e9 en ce qui concerne le site web ou les informations, les produits, les services ou les graphiques connexes contenus sur le site web \u00e0 quelque fin que ce soit. La confiance que vous accordez \u00e0 ces informations est donc strictement \u00e0 vos risques et p\u00e9rils.  <\/p><p> <\/p><p>En aucun cas, nous ne serons responsables de toute perte ou de tout dommage, y compris, mais sans s\u2019y limiter, les pertes ou les dommages indirects ou cons\u00e9cutifs, ou toute perte ou tout dommage, quel qu\u2019il soit, r\u00e9sultant de la perte de donn\u00e9es ou de profits d\u00e9coulant de, ou en relation avec, l\u2019utilisation de ce site Web.<\/p><p> <\/p><p>Par le biais de ce site web, vous pouvez vous connecter \u00e0 d\u2019autres sites web qui ne sont pas sous le contr\u00f4le de JAGUMA. Nous n\u2019avons aucun contr\u00f4le sur la nature, le contenu et la disponibilit\u00e9 de ces sites. L\u2019inclusion de liens n\u2019implique pas n\u00e9cessairement une recommandation ou l\u2019approbation des opinions exprim\u00e9es dans ces liens.  <\/p><p> <\/p><p>Tout est mis en \u0153uvre pour assurer le bon fonctionnement du site web. Cependant, JAGUMA n\u2019assume aucune responsabilit\u00e9 et ne peut \u00eatre tenu responsable de l\u2019indisponibilit\u00e9 temporaire du site web en raison de probl\u00e8mes techniques ind\u00e9pendants de notre volont\u00e9. <\/p>\t\t\t\t\t\t\t\t<\/div>\n\t\t\t\t<\/div>\n\t\t\t\t\t<\/div>\n\t\t<\/div>\n\t\t\t\t\t<\/div>\n\t\t<\/section>\n\t\t\t\t<\/div>\n\t\t","protected":false},"excerpt":{"rendered":"<p>Disclaimer Les informations contenues dans ce site web sont uniquement destin\u00e9es \u00e0 des fins d&rsquo;information g\u00e9n\u00e9rale. Les informations sont fournies par JAGUMA BV (trading as SkillFlash) et bien que nous nous efforcions de maintenir les informations \u00e0 jour et correctes, nous ne faisons aucune d\u00e9claration ou garantie de quelque nature que ce soit, expresse ou&hellip; <a class=\"more-link\" href=\"https:\/\/hello.skillflash.be\/fr\/disclaimer\/\">Poursuivre la lecture <span class=\"screen-reader-text\">Disclaimer<\/span><\/a><\/p>\n","protected":false},"author":1,"featured_media":0,"parent":0,"menu_order":0,"comment_status":"closed","ping_status":"closed","template":"","meta":{"footnotes":""},"class_list":["post-594","page","type-page","status-publish","hentry","entry"],"yoast_head":"<!-- This site is optimized with the Yoast SEO Premium plugin v26.7 (Yoast SEO v26.7) - https:\/\/yoast.com\/wordpress\/plugins\/seo\/ -->\n<title>Avis de non-responsabilit\u00e9 de SkillFlash : assurez-vous d&#039;\u00eatre pleinement inform\u00e9 - SkillFlash.be.<\/title>\n<meta name=\"description\" content=\"D\u00e9couvrez la clause de non-responsabilit\u00e9 de SkillFlash, qui contient des informations cruciales concernant la fiabilit\u00e9 de notre site web et de son contenu.\" \/>\n<meta name=\"robots\" content=\"noindex, nofollow\" \/>\n<meta property=\"og:locale\" content=\"fr_FR\" \/>\n<meta property=\"og:type\" content=\"article\" \/>\n<meta property=\"og:title\" content=\"Disclaimer\" \/>\n<meta property=\"og:description\" content=\"D\u00e9couvrez la clause de non-responsabilit\u00e9 de SkillFlash, qui contient des informations cruciales concernant la fiabilit\u00e9 de notre site web et de son contenu.\" \/>\n<meta property=\"og:url\" content=\"https:\/\/hello.skillflash.be\/fr\/disclaimer\/\" \/>\n<meta property=\"og:site_name\" content=\"SkillFlash.be\" \/>\n<meta property=\"article:publisher\" content=\"https:\/\/www.facebook.com\/SkillFlashBE\/\" \/>\n<meta property=\"article:modified_time\" content=\"2025-10-16T08:57:51+00:00\" \/>\n<meta name=\"twitter:card\" content=\"summary_large_image\" \/>\n<meta name=\"twitter:site\" content=\"@SkillFlashBE\" \/>\n<meta name=\"twitter:label1\" content=\"Dur\u00e9e de lecture estim\u00e9e\" \/>\n\t<meta name=\"twitter:data1\" content=\"1 minute\" \/>\n<script type=\"application\/ld+json\" class=\"yoast-schema-graph\">{\"@context\":\"https:\/\/schema.org\",\"@graph\":[{\"@type\":\"WebPage\",\"@id\":\"https:\/\/hello.skillflash.be\/fr\/disclaimer\/\",\"url\":\"https:\/\/hello.skillflash.be\/fr\/disclaimer\/\",\"name\":\"Avis de non-responsabilit\u00e9 de SkillFlash : assurez-vous d'\u00eatre pleinement inform\u00e9 - SkillFlash.be.\",\"isPartOf\":{\"@id\":\"https:\/\/hello.skillflash.be\/fr\/#website\"},\"datePublished\":\"2023-10-25T14:54:29+00:00\",\"dateModified\":\"2025-10-16T08:57:51+00:00\",\"description\":\"D\u00e9couvrez la clause de non-responsabilit\u00e9 de SkillFlash, qui contient des informations cruciales concernant la fiabilit\u00e9 de notre site web et de son contenu.\",\"breadcrumb\":{\"@id\":\"https:\/\/hello.skillflash.be\/fr\/disclaimer\/#breadcrumb\"},\"inLanguage\":\"fr-FR\",\"potentialAction\":[{\"@type\":\"ReadAction\",\"target\":[\"https:\/\/hello.skillflash.be\/fr\/disclaimer\/\"]}]},{\"@type\":\"BreadcrumbList\",\"@id\":\"https:\/\/hello.skillflash.be\/fr\/disclaimer\/#breadcrumb\",\"itemListElement\":[{\"@type\":\"ListItem\",\"position\":1,\"name\":\"Home\",\"item\":\"https:\/\/hello.skillflash.be\/fr\/\"},{\"@type\":\"ListItem\",\"position\":2,\"name\":\"Disclaimer\"}]},{\"@type\":\"WebSite\",\"@id\":\"https:\/\/hello.skillflash.be\/fr\/#website\",\"url\":\"https:\/\/hello.skillflash.be\/fr\/\",\"name\":\"SkillFlash\",\"description\":\"The innovative recruitment platform for Belgium\",\"publisher\":{\"@id\":\"https:\/\/hello.skillflash.be\/fr\/#organization\"},\"potentialAction\":[{\"@type\":\"SearchAction\",\"target\":{\"@type\":\"EntryPoint\",\"urlTemplate\":\"https:\/\/hello.skillflash.be\/fr\/?s={search_term_string}\"},\"query-input\":{\"@type\":\"PropertyValueSpecification\",\"valueRequired\":true,\"valueName\":\"search_term_string\"}}],\"inLanguage\":\"fr-FR\"},{\"@type\":\"Organization\",\"@id\":\"https:\/\/hello.skillflash.be\/fr\/#organization\",\"name\":\"SkillFlash\",\"url\":\"https:\/\/hello.skillflash.be\/fr\/\",\"logo\":{\"@type\":\"ImageObject\",\"inLanguage\":\"fr-FR\",\"@id\":\"https:\/\/hello.skillflash.be\/fr\/#\/schema\/logo\/image\/\",\"url\":\"https:\/\/hello.skillflash.be\/wp-content\/uploads\/cropped-Source-Logo-Black-Text.png\",\"contentUrl\":\"https:\/\/hello.skillflash.be\/wp-content\/uploads\/cropped-Source-Logo-Black-Text.png\",\"width\":2545,\"height\":576,\"caption\":\"SkillFlash\"},\"image\":{\"@id\":\"https:\/\/hello.skillflash.be\/fr\/#\/schema\/logo\/image\/\"},\"sameAs\":[\"https:\/\/www.facebook.com\/SkillFlashBE\/\",\"https:\/\/x.com\/SkillFlashBE\",\"https:\/\/www.instagram.com\/skillflashbe\",\"https:\/\/www.linkedin.com\/company\/skillflash\"]}]}<\/script>\n<!-- \/ Yoast SEO Premium plugin. -->","yoast_head_json":{"title":"Avis de non-responsabilit\u00e9 de SkillFlash : assurez-vous d'\u00eatre pleinement inform\u00e9 - SkillFlash.be.","description":"D\u00e9couvrez la clause de non-responsabilit\u00e9 de SkillFlash, qui contient des informations cruciales concernant la fiabilit\u00e9 de notre site web et de son contenu.","robots":{"index":"noindex","follow":"nofollow"},"og_locale":"fr_FR","og_type":"article","og_title":"Disclaimer","og_description":"D\u00e9couvrez la clause de non-responsabilit\u00e9 de SkillFlash, qui contient des informations cruciales concernant la fiabilit\u00e9 de notre site web et de son contenu.","og_url":"https:\/\/hello.skillflash.be\/fr\/disclaimer\/","og_site_name":"SkillFlash.be","article_publisher":"https:\/\/www.facebook.com\/SkillFlashBE\/","article_modified_time":"2025-10-16T08:57:51+00:00","twitter_card":"summary_large_image","twitter_site":"@SkillFlashBE","twitter_misc":{"Dur\u00e9e de lecture estim\u00e9e":"1 minute"},"schema":{"@context":"https:\/\/schema.org","@graph":[{"@type":"WebPage","@id":"https:\/\/hello.skillflash.be\/fr\/disclaimer\/","url":"https:\/\/hello.skillflash.be\/fr\/disclaimer\/","name":"Avis de non-responsabilit\u00e9 de SkillFlash : assurez-vous d'\u00eatre pleinement inform\u00e9 - SkillFlash.be.","isPartOf":{"@id":"https:\/\/hello.skillflash.be\/fr\/#website"},"datePublished":"2023-10-25T14:54:29+00:00","dateModified":"2025-10-16T08:57:51+00:00","description":"D\u00e9couvrez la clause de non-responsabilit\u00e9 de SkillFlash, qui contient des informations cruciales concernant la fiabilit\u00e9 de notre site web et de son contenu.","breadcrumb":{"@id":"https:\/\/hello.skillflash.be\/fr\/disclaimer\/#breadcrumb"},"inLanguage":"fr-FR","potentialAction":[{"@type":"ReadAction","target":["https:\/\/hello.skillflash.be\/fr\/disclaimer\/"]}]},{"@type":"BreadcrumbList","@id":"https:\/\/hello.skillflash.be\/fr\/disclaimer\/#breadcrumb","itemListElement":[{"@type":"ListItem","position":1,"name":"Home","item":"https:\/\/hello.skillflash.be\/fr\/"},{"@type":"ListItem","position":2,"name":"Disclaimer"}]},{"@type":"WebSite","@id":"https:\/\/hello.skillflash.be\/fr\/#website","url":"https:\/\/hello.skillflash.be\/fr\/","name":"SkillFlash","description":"The innovative recruitment platform for Belgium","publisher":{"@id":"https:\/\/hello.skillflash.be\/fr\/#organization"},"potentialAction":[{"@type":"SearchAction","target":{"@type":"EntryPoint","urlTemplate":"https:\/\/hello.skillflash.be\/fr\/?s={search_term_string}"},"query-input":{"@type":"PropertyValueSpecification","valueRequired":true,"valueName":"search_term_string"}}],"inLanguage":"fr-FR"},{"@type":"Organization","@id":"https:\/\/hello.skillflash.be\/fr\/#organization","name":"SkillFlash","url":"https:\/\/hello.skillflash.be\/fr\/","logo":{"@type":"ImageObject","inLanguage":"fr-FR","@id":"https:\/\/hello.skillflash.be\/fr\/#\/schema\/logo\/image\/","url":"https:\/\/hello.skillflash.be\/wp-content\/uploads\/cropped-Source-Logo-Black-Text.png","contentUrl":"https:\/\/hello.skillflash.be\/wp-content\/uploads\/cropped-Source-Logo-Black-Text.png","width":2545,"height":576,"caption":"SkillFlash"},"image":{"@id":"https:\/\/hello.skillflash.be\/fr\/#\/schema\/logo\/image\/"},"sameAs":["https:\/\/www.facebook.com\/SkillFlashBE\/","https:\/\/x.com\/SkillFlashBE","https:\/\/www.instagram.com\/skillflashbe","https:\/\/www.linkedin.com\/company\/skillflash"]}]}},"_links":{"self":[{"href":"https:\/\/hello.skillflash.be\/fr\/wp-json\/wp\/v2\/pages\/594","targetHints":{"allow":["GET"]}}],"collection":[{"href":"https:\/\/hello.skillflash.be\/fr\/wp-json\/wp\/v2\/pages"}],"about":[{"href":"https:\/\/hello.skillflash.be\/fr\/wp-json\/wp\/v2\/types\/page"}],"author":[{"embeddable":true,"href":"https:\/\/hello.skillflash.be\/fr\/wp-json\/wp\/v2\/users\/1"}],"replies":[{"embeddable":true,"href":"https:\/\/hello.skillflash.be\/fr\/wp-json\/wp\/v2\/comments?post=594"}],"version-history":[{"count":8,"href":"https:\/\/hello.skillflash.be\/fr\/wp-json\/wp\/v2\/pages\/594\/revisions"}],"predecessor-version":[{"id":6492,"href":"https:\/\/hello.skillflash.be\/fr\/wp-json\/wp\/v2\/pages\/594\/revisions\/6492"}],"wp:attachment":[{"href":"https:\/\/hello.skillflash.be\/fr\/wp-json\/wp\/v2\/media?parent=594"}],"curies":[{"name":"wp","href":"https:\/\/api.w.org\/{rel}","templated":true}]}}