{"id":6139,"date":"2025-07-21T16:28:29","date_gmt":"2025-07-21T14:28:29","guid":{"rendered":"https:\/\/hello.skillstorm.jobs\/reservez-votre-appel-decouverte\/"},"modified":"2025-10-16T11:00:14","modified_gmt":"2025-10-16T09:00:14","slug":"reservez-votre-appel-decouverte","status":"publish","type":"page","link":"https:\/\/hello.skillflash.be\/fr\/reservez-votre-appel-decouverte\/","title":{"rendered":"R\u00e9servez votre appel d\u00e9couverte"},"content":{"rendered":"\t\t<div data-elementor-type=\"wp-page\" data-elementor-id=\"6139\" class=\"elementor elementor-6139 elementor-5950\" data-elementor-post-type=\"page\">\n\t\t\t\t<div class=\"elementor-element elementor-element-6a074bf e-flex e-con-boxed e-con e-parent\" data-id=\"6a074bf\" data-element_type=\"container\" data-e-type=\"container\" data-settings=\"{&quot;background_background&quot;:&quot;classic&quot;}\">\n\t\t\t\t\t<div class=\"e-con-inner\">\n\t\t\t\t<div class=\"elementor-element elementor-element-64e4e5a elementor-widget elementor-widget-heading\" data-id=\"64e4e5a\" data-element_type=\"widget\" data-e-type=\"widget\" data-widget_type=\"heading.default\">\n\t\t\t\t<div class=\"elementor-widget-container\">\n\t\t\t\t\t<h1 class=\"elementor-heading-title elementor-size-default\">R\u00e9servez votre appel d\u00e9couverte<\/h1>\t\t\t\t<\/div>\n\t\t\t\t<\/div>\n\t\t\t\t<div class=\"elementor-element elementor-element-3af174e elementor-widget elementor-widget-text-editor\" data-id=\"3af174e\" data-element_type=\"widget\" data-e-type=\"widget\" data-widget_type=\"text-editor.default\">\n\t\t\t\t<div class=\"elementor-widget-container\">\n\t\t\t\t\t\t\t\t\t<p>Veuillez choisir l&rsquo;heure qui vous convient le mieux dans le formulaire ci-dessous.<\/p>\t\t\t\t\t\t\t\t<\/div>\n\t\t\t\t<\/div>\n\t\t\t\t\t<\/div>\n\t\t\t\t<\/div>\n\t\t<div class=\"elementor-element elementor-element-78e2cf7 e-flex e-con-boxed e-con e-parent\" data-id=\"78e2cf7\" data-element_type=\"container\" data-e-type=\"container\" data-settings=\"{&quot;background_background&quot;:&quot;classic&quot;}\">\n\t\t\t\t\t<div class=\"e-con-inner\">\n\t\t\t\t<div class=\"elementor-element elementor-element-7a3e0ca elementor-widget elementor-widget-shortcode\" data-id=\"7a3e0ca\" data-element_type=\"widget\" data-e-type=\"widget\" data-widget_type=\"shortcode.default\">\n\t\t\t\t<div class=\"elementor-widget-container\">\n\t\t\t\t\t\t\t<div class=\"elementor-shortcode\"><div class=\"tidycal-embed\" data-path=\"jvg\/skillflash-discovery-call\"><\/div><script src=\"https:\/\/asset-tidycal.b-cdn.net\/js\/embed.js\" async=\"\"><\/script><\/div>\n\t\t\t\t\t\t<\/div>\n\t\t\t\t<\/div>\n\t\t\t\t\t<\/div>\n\t\t\t\t<\/div>\n\t\t\t\t<\/div>\n\t\t","protected":false},"excerpt":{"rendered":"<p>R\u00e9servez votre appel d\u00e9couverte Veuillez choisir l&rsquo;heure qui vous convient le mieux dans le formulaire ci-dessous.<\/p>\n","protected":false},"author":1,"featured_media":0,"parent":0,"menu_order":0,"comment_status":"closed","ping_status":"closed","template":"","meta":{"footnotes":""},"class_list":["post-6139","page","type-page","status-publish","hentry","entry"],"yoast_head":"<!-- This site is optimized with the Yoast SEO Premium plugin v26.7 (Yoast SEO v26.7) - https:\/\/yoast.com\/wordpress\/plugins\/seo\/ -->\n<title>R\u00e9servez un appel de d\u00e9couverte et commencez d\u00e8s aujourd&#039;hui<\/title>\n<meta name=\"description\" content=\"Ne laissez pas passer votre chance ! R\u00e9servez une visite de d\u00e9couverte \u00e0 l&#039;aide de notre formulaire pratique et choisissez le moment qui vous convient le mieux.\" \/>\n<meta name=\"robots\" content=\"index, follow, max-snippet:-1, max-image-preview:large, max-video-preview:-1\" \/>\n<link rel=\"canonical\" href=\"https:\/\/hello.skillflash.be\/fr\/reservez-votre-appel-decouverte\/\" \/>\n<meta property=\"og:locale\" content=\"fr_FR\" \/>\n<meta property=\"og:type\" content=\"article\" \/>\n<meta property=\"og:title\" content=\"R\u00e9servez votre appel d\u00e9couverte\" \/>\n<meta property=\"og:description\" content=\"Ne laissez pas passer votre chance ! R\u00e9servez une visite de d\u00e9couverte \u00e0 l&#039;aide de notre formulaire pratique et choisissez le moment qui vous convient le mieux.\" \/>\n<meta property=\"og:url\" content=\"https:\/\/hello.skillflash.be\/fr\/reservez-votre-appel-decouverte\/\" \/>\n<meta property=\"og:site_name\" content=\"SkillFlash.be\" \/>\n<meta property=\"article:publisher\" content=\"https:\/\/www.facebook.com\/SkillFlashBE\/\" \/>\n<meta property=\"article:modified_time\" content=\"2025-10-16T09:00:14+00:00\" \/>\n<meta name=\"twitter:card\" content=\"summary_large_image\" \/>\n<meta name=\"twitter:site\" content=\"@SkillFlashBE\" \/>\n<script type=\"application\/ld+json\" class=\"yoast-schema-graph\">{\"@context\":\"https:\/\/schema.org\",\"@graph\":[{\"@type\":\"WebPage\",\"@id\":\"https:\/\/hello.skillflash.be\/fr\/reservez-votre-appel-decouverte\/\",\"url\":\"https:\/\/hello.skillflash.be\/fr\/reservez-votre-appel-decouverte\/\",\"name\":\"R\u00e9servez un appel de d\u00e9couverte et commencez d\u00e8s aujourd'hui\",\"isPartOf\":{\"@id\":\"https:\/\/hello.skillflash.be\/fr\/#website\"},\"datePublished\":\"2025-07-21T14:28:29+00:00\",\"dateModified\":\"2025-10-16T09:00:14+00:00\",\"description\":\"Ne laissez pas passer votre chance ! R\u00e9servez une visite de d\u00e9couverte \u00e0 l'aide de notre formulaire pratique et choisissez le moment qui vous convient le mieux.\",\"breadcrumb\":{\"@id\":\"https:\/\/hello.skillflash.be\/fr\/reservez-votre-appel-decouverte\/#breadcrumb\"},\"inLanguage\":\"fr-FR\",\"potentialAction\":[{\"@type\":\"ReadAction\",\"target\":[\"https:\/\/hello.skillflash.be\/fr\/reservez-votre-appel-decouverte\/\"]}]},{\"@type\":\"BreadcrumbList\",\"@id\":\"https:\/\/hello.skillflash.be\/fr\/reservez-votre-appel-decouverte\/#breadcrumb\",\"itemListElement\":[{\"@type\":\"ListItem\",\"position\":1,\"name\":\"Home\",\"item\":\"https:\/\/hello.skillflash.be\/fr\/\"},{\"@type\":\"ListItem\",\"position\":2,\"name\":\"R\u00e9servez votre appel d\u00e9couverte\"}]},{\"@type\":\"WebSite\",\"@id\":\"https:\/\/hello.skillflash.be\/fr\/#website\",\"url\":\"https:\/\/hello.skillflash.be\/fr\/\",\"name\":\"SkillFlash\",\"description\":\"The innovative recruitment platform for Belgium\",\"publisher\":{\"@id\":\"https:\/\/hello.skillflash.be\/fr\/#organization\"},\"potentialAction\":[{\"@type\":\"SearchAction\",\"target\":{\"@type\":\"EntryPoint\",\"urlTemplate\":\"https:\/\/hello.skillflash.be\/fr\/?s={search_term_string}\"},\"query-input\":{\"@type\":\"PropertyValueSpecification\",\"valueRequired\":true,\"valueName\":\"search_term_string\"}}],\"inLanguage\":\"fr-FR\"},{\"@type\":\"Organization\",\"@id\":\"https:\/\/hello.skillflash.be\/fr\/#organization\",\"name\":\"SkillFlash\",\"url\":\"https:\/\/hello.skillflash.be\/fr\/\",\"logo\":{\"@type\":\"ImageObject\",\"inLanguage\":\"fr-FR\",\"@id\":\"https:\/\/hello.skillflash.be\/fr\/#\/schema\/logo\/image\/\",\"url\":\"https:\/\/hello.skillflash.be\/wp-content\/uploads\/cropped-Source-Logo-Black-Text.png\",\"contentUrl\":\"https:\/\/hello.skillflash.be\/wp-content\/uploads\/cropped-Source-Logo-Black-Text.png\",\"width\":2545,\"height\":576,\"caption\":\"SkillFlash\"},\"image\":{\"@id\":\"https:\/\/hello.skillflash.be\/fr\/#\/schema\/logo\/image\/\"},\"sameAs\":[\"https:\/\/www.facebook.com\/SkillFlashBE\/\",\"https:\/\/x.com\/SkillFlashBE\",\"https:\/\/www.instagram.com\/skillflashbe\",\"https:\/\/www.linkedin.com\/company\/skillflash\"]}]}<\/script>\n<!-- \/ Yoast SEO Premium plugin. -->","yoast_head_json":{"title":"R\u00e9servez un appel de d\u00e9couverte et commencez d\u00e8s aujourd'hui","description":"Ne laissez pas passer votre chance ! R\u00e9servez une visite de d\u00e9couverte \u00e0 l'aide de notre formulaire pratique et choisissez le moment qui vous convient le mieux.","robots":{"index":"index","follow":"follow","max-snippet":"max-snippet:-1","max-image-preview":"max-image-preview:large","max-video-preview":"max-video-preview:-1"},"canonical":"https:\/\/hello.skillflash.be\/fr\/reservez-votre-appel-decouverte\/","og_locale":"fr_FR","og_type":"article","og_title":"R\u00e9servez votre appel d\u00e9couverte","og_description":"Ne laissez pas passer votre chance ! R\u00e9servez une visite de d\u00e9couverte \u00e0 l'aide de notre formulaire pratique et choisissez le moment qui vous convient le mieux.","og_url":"https:\/\/hello.skillflash.be\/fr\/reservez-votre-appel-decouverte\/","og_site_name":"SkillFlash.be","article_publisher":"https:\/\/www.facebook.com\/SkillFlashBE\/","article_modified_time":"2025-10-16T09:00:14+00:00","twitter_card":"summary_large_image","twitter_site":"@SkillFlashBE","schema":{"@context":"https:\/\/schema.org","@graph":[{"@type":"WebPage","@id":"https:\/\/hello.skillflash.be\/fr\/reservez-votre-appel-decouverte\/","url":"https:\/\/hello.skillflash.be\/fr\/reservez-votre-appel-decouverte\/","name":"R\u00e9servez un appel de d\u00e9couverte et commencez d\u00e8s aujourd'hui","isPartOf":{"@id":"https:\/\/hello.skillflash.be\/fr\/#website"},"datePublished":"2025-07-21T14:28:29+00:00","dateModified":"2025-10-16T09:00:14+00:00","description":"Ne laissez pas passer votre chance ! R\u00e9servez une visite de d\u00e9couverte \u00e0 l'aide de notre formulaire pratique et choisissez le moment qui vous convient le mieux.","breadcrumb":{"@id":"https:\/\/hello.skillflash.be\/fr\/reservez-votre-appel-decouverte\/#breadcrumb"},"inLanguage":"fr-FR","potentialAction":[{"@type":"ReadAction","target":["https:\/\/hello.skillflash.be\/fr\/reservez-votre-appel-decouverte\/"]}]},{"@type":"BreadcrumbList","@id":"https:\/\/hello.skillflash.be\/fr\/reservez-votre-appel-decouverte\/#breadcrumb","itemListElement":[{"@type":"ListItem","position":1,"name":"Home","item":"https:\/\/hello.skillflash.be\/fr\/"},{"@type":"ListItem","position":2,"name":"R\u00e9servez votre appel d\u00e9couverte"}]},{"@type":"WebSite","@id":"https:\/\/hello.skillflash.be\/fr\/#website","url":"https:\/\/hello.skillflash.be\/fr\/","name":"SkillFlash","description":"The innovative recruitment platform for Belgium","publisher":{"@id":"https:\/\/hello.skillflash.be\/fr\/#organization"},"potentialAction":[{"@type":"SearchAction","target":{"@type":"EntryPoint","urlTemplate":"https:\/\/hello.skillflash.be\/fr\/?s={search_term_string}"},"query-input":{"@type":"PropertyValueSpecification","valueRequired":true,"valueName":"search_term_string"}}],"inLanguage":"fr-FR"},{"@type":"Organization","@id":"https:\/\/hello.skillflash.be\/fr\/#organization","name":"SkillFlash","url":"https:\/\/hello.skillflash.be\/fr\/","logo":{"@type":"ImageObject","inLanguage":"fr-FR","@id":"https:\/\/hello.skillflash.be\/fr\/#\/schema\/logo\/image\/","url":"https:\/\/hello.skillflash.be\/wp-content\/uploads\/cropped-Source-Logo-Black-Text.png","contentUrl":"https:\/\/hello.skillflash.be\/wp-content\/uploads\/cropped-Source-Logo-Black-Text.png","width":2545,"height":576,"caption":"SkillFlash"},"image":{"@id":"https:\/\/hello.skillflash.be\/fr\/#\/schema\/logo\/image\/"},"sameAs":["https:\/\/www.facebook.com\/SkillFlashBE\/","https:\/\/x.com\/SkillFlashBE","https:\/\/www.instagram.com\/skillflashbe","https:\/\/www.linkedin.com\/company\/skillflash"]}]}},"_links":{"self":[{"href":"https:\/\/hello.skillflash.be\/fr\/wp-json\/wp\/v2\/pages\/6139","targetHints":{"allow":["GET"]}}],"collection":[{"href":"https:\/\/hello.skillflash.be\/fr\/wp-json\/wp\/v2\/pages"}],"about":[{"href":"https:\/\/hello.skillflash.be\/fr\/wp-json\/wp\/v2\/types\/page"}],"author":[{"embeddable":true,"href":"https:\/\/hello.skillflash.be\/fr\/wp-json\/wp\/v2\/users\/1"}],"replies":[{"embeddable":true,"href":"https:\/\/hello.skillflash.be\/fr\/wp-json\/wp\/v2\/comments?post=6139"}],"version-history":[{"count":1,"href":"https:\/\/hello.skillflash.be\/fr\/wp-json\/wp\/v2\/pages\/6139\/revisions"}],"predecessor-version":[{"id":6140,"href":"https:\/\/hello.skillflash.be\/fr\/wp-json\/wp\/v2\/pages\/6139\/revisions\/6140"}],"wp:attachment":[{"href":"https:\/\/hello.skillflash.be\/fr\/wp-json\/wp\/v2\/media?parent=6139"}],"curies":[{"name":"wp","href":"https:\/\/api.w.org\/{rel}","templated":true}]}}