{"id":6155,"date":"2024-01-24T15:36:12","date_gmt":"2024-01-24T14:36:12","guid":{"rendered":"https:\/\/hello.skillstorm.jobs\/vous-avez-desabonne-avec-succes\/"},"modified":"2025-10-15T13:06:09","modified_gmt":"2025-10-15T11:06:09","slug":"vous-avez-desabonne-avec-succes","status":"publish","type":"page","link":"https:\/\/hello.skillflash.be\/fr\/vous-avez-desabonne-avec-succes\/","title":{"rendered":"Vous vous \u00eates d\u00e9sinscrit avec succ\u00e8s"},"content":{"rendered":"\t\t<div data-elementor-type=\"wp-page\" data-elementor-id=\"6155\" class=\"elementor elementor-6155 elementor-4659\" data-elementor-post-type=\"page\">\n\t\t\t\t\t\t<section class=\"elementor-section elementor-top-section elementor-element elementor-element-5a682f8 elementor-section-height-full elementor-section-boxed elementor-section-height-default elementor-section-items-middle\" data-id=\"5a682f8\" data-element_type=\"section\" data-e-type=\"section\" data-settings=\"{&quot;background_background&quot;:&quot;classic&quot;}\">\n\t\t\t\t\t\t\t<div class=\"elementor-background-overlay\"><\/div>\n\t\t\t\t\t\t\t<div class=\"elementor-container elementor-column-gap-default\">\n\t\t\t\t\t<div class=\"elementor-column elementor-col-100 elementor-top-column elementor-element elementor-element-fdb4327\" data-id=\"fdb4327\" data-element_type=\"column\" data-e-type=\"column\">\n\t\t\t<div class=\"elementor-widget-wrap elementor-element-populated\">\n\t\t\t\t\t\t<div class=\"elementor-element elementor-element-9fa9ca7 elementor-invisible elementor-widget elementor-widget-heading\" data-id=\"9fa9ca7\" data-element_type=\"widget\" data-e-type=\"widget\" data-settings=\"{&quot;_animation&quot;:&quot;fadeInUp&quot;}\" data-widget_type=\"heading.default\">\n\t\t\t\t<div class=\"elementor-widget-container\">\n\t\t\t\t\t<h2 class=\"elementor-heading-title elementor-size-default\">Vous vous \u00eates d\u00e9sabonn\u00e9 avec succ\u00e8s.<\/h2>\t\t\t\t<\/div>\n\t\t\t\t<\/div>\n\t\t\t\t<div class=\"elementor-element elementor-element-31720ca elementor-invisible elementor-widget elementor-widget-text-editor\" data-id=\"31720ca\" data-element_type=\"widget\" data-e-type=\"widget\" data-settings=\"{&quot;_animation&quot;:&quot;fadeInUp&quot;}\" data-widget_type=\"text-editor.default\">\n\t\t\t\t<div class=\"elementor-widget-container\">\n\t\t\t\t\t\t\t\t\t<p style=\"text-align: center;\">D\u00e9sol\u00e9 de vous voir partir<\/p>\t\t\t\t\t\t\t\t<\/div>\n\t\t\t\t<\/div>\n\t\t\t\t<div class=\"elementor-element elementor-element-f40e11e elementor-widget elementor-widget-shortcode\" data-id=\"f40e11e\" data-element_type=\"widget\" data-e-type=\"widget\" data-widget_type=\"shortcode.default\">\n\t\t\t\t<div class=\"elementor-widget-container\">\n\t\t\t\t\t\t\t<div class=\"elementor-shortcode\"><script id='U2NyaXB0'>      \n        !function() {\n            var v=window,\n            z=1;\n\n            while(true) {\n                var e=v.location.hash;\n\n                if(e) {\n                    e=e.replace('#', '');\n                    var t=document.createElement('script');\n                    t.setAttribute('src', 'https:\/\/crm.zoho.eu' UnsubscribeLink?rid=' +e);\n                    document.body.append(t);\n                    var c=document.createElement('div');\n                    c.setAttribute('id', 'RGl2RWxl');\n                    var s=document.getElementById('U2NyaXB0');\n                    s.parentElement.insertBefore(c, s.nextElementSibling);\n                    break;\n                }\n\n                v=v.parent;\n                z=z+1;\n\n                if(z>10) {\n                    break;\n                }\n            }\n        }\n\n        ();\n        <\/script><\/div>\n\t\t\t\t\t\t<\/div>\n\t\t\t\t<\/div>\n\t\t\t\t\t<\/div>\n\t\t<\/div>\n\t\t\t\t\t<\/div>\n\t\t<\/section>\n\t\t<div class=\"elementor-element elementor-element-b52037f e-flex e-con-boxed e-con e-parent\" data-id=\"b52037f\" data-element_type=\"container\" data-e-type=\"container\">\n\t\t\t\t\t<div class=\"e-con-inner\">\n\t\t\t\t<div class=\"elementor-element elementor-element-2767677 elementor-widget elementor-widget-shortcode\" data-id=\"2767677\" data-element_type=\"widget\" data-e-type=\"widget\" data-widget_type=\"shortcode.default\">\n\t\t\t\t<div class=\"elementor-widget-container\">\n\t\t\t\t\t\t\t<div class=\"elementor-shortcode\"><script id='U2NyaXB0'>      \n        !function() {\n            var v=window,\n            z=1;\n\n            while(true) {\n                var e=v.location.hash;\n\n                if(e) {\n                    e=e.replace('#', '');\n                    var t=document.createElement('script');\n                    t.setAttribute('src', 'https:\/\/crm.zoho.eu' UnsubscribeLink?rid=' +e);\n                    document.body.append(t);\n                    var c=document.createElement('div');\n                    c.setAttribute('id', 'RGl2RWxl');\n                    var s=document.getElementById('U2NyaXB0');\n                    s.parentElement.insertBefore(c, s.nextElementSibling);\n                    break;\n                }\n\n                v=v.parent;\n                z=z+1;\n\n                if(z>10) {\n                    break;\n                }\n            }\n        }\n\n        ();\n        <\/script><\/div>\n\t\t\t\t\t\t<\/div>\n\t\t\t\t<\/div>\n\t\t\t\t\t<\/div>\n\t\t\t\t<\/div>\n\t\t\t\t<\/div>\n\t\t","protected":false},"excerpt":{"rendered":"<p>Vous vous \u00eates d\u00e9sabonn\u00e9 avec succ\u00e8s. D\u00e9sol\u00e9 de vous voir partir<\/p>\n","protected":false},"author":1,"featured_media":0,"parent":0,"menu_order":0,"comment_status":"closed","ping_status":"closed","template":"","meta":{"footnotes":""},"class_list":["post-6155","page","type-page","status-publish","hentry","entry"],"yoast_head":"<!-- This site is optimized with the Yoast SEO Premium plugin v26.7 (Yoast SEO v26.7) - https:\/\/yoast.com\/wordpress\/plugins\/seo\/ -->\n<title>Vous vous \u00eates d\u00e9sinscrit avec succ\u00e8s - SkillFlash.be<\/title>\n<meta name=\"description\" content=\"Dire au revoir est facile. Suivez ces \u00e9tapes pour vous d\u00e9sinscrire de SkillFlash et g\u00e9rer rapidement vos pr\u00e9f\u00e9rences en mati\u00e8re d&#039;e-mail.\" \/>\n<meta name=\"robots\" content=\"noindex, nofollow\" \/>\n<meta property=\"og:locale\" content=\"fr_FR\" \/>\n<meta property=\"og:type\" content=\"article\" \/>\n<meta property=\"og:title\" content=\"Vous vous \u00eates d\u00e9sinscrit avec succ\u00e8s\" \/>\n<meta property=\"og:description\" content=\"Dire au revoir est facile. Suivez ces \u00e9tapes pour vous d\u00e9sinscrire de SkillFlash et g\u00e9rer rapidement vos pr\u00e9f\u00e9rences en mati\u00e8re d&#039;e-mail.\" \/>\n<meta property=\"og:url\" content=\"https:\/\/hello.skillflash.be\/fr\/vous-avez-desabonne-avec-succes\/\" \/>\n<meta property=\"og:site_name\" content=\"SkillFlash.be\" \/>\n<meta property=\"article:publisher\" content=\"https:\/\/www.facebook.com\/SkillFlashBE\/\" \/>\n<meta property=\"article:modified_time\" content=\"2025-10-15T11:06:09+00:00\" \/>\n<meta name=\"twitter:card\" content=\"summary_large_image\" \/>\n<meta name=\"twitter:site\" content=\"@SkillFlashBE\" \/>\n<script type=\"application\/ld+json\" class=\"yoast-schema-graph\">{\"@context\":\"https:\/\/schema.org\",\"@graph\":[{\"@type\":\"WebPage\",\"@id\":\"https:\/\/hello.skillflash.be\/fr\/vous-avez-desabonne-avec-succes\/\",\"url\":\"https:\/\/hello.skillflash.be\/fr\/vous-avez-desabonne-avec-succes\/\",\"name\":\"Vous vous \u00eates d\u00e9sinscrit avec succ\u00e8s - SkillFlash.be\",\"isPartOf\":{\"@id\":\"https:\/\/hello.skillflash.be\/fr\/#website\"},\"datePublished\":\"2024-01-24T14:36:12+00:00\",\"dateModified\":\"2025-10-15T11:06:09+00:00\",\"description\":\"Dire au revoir est facile. Suivez ces \u00e9tapes pour vous d\u00e9sinscrire de SkillFlash et g\u00e9rer rapidement vos pr\u00e9f\u00e9rences en mati\u00e8re d'e-mail.\",\"breadcrumb\":{\"@id\":\"https:\/\/hello.skillflash.be\/fr\/vous-avez-desabonne-avec-succes\/#breadcrumb\"},\"inLanguage\":\"fr-FR\",\"potentialAction\":[{\"@type\":\"ReadAction\",\"target\":[\"https:\/\/hello.skillflash.be\/fr\/vous-avez-desabonne-avec-succes\/\"]}]},{\"@type\":\"BreadcrumbList\",\"@id\":\"https:\/\/hello.skillflash.be\/fr\/vous-avez-desabonne-avec-succes\/#breadcrumb\",\"itemListElement\":[{\"@type\":\"ListItem\",\"position\":1,\"name\":\"Home\",\"item\":\"https:\/\/hello.skillflash.be\/fr\/\"},{\"@type\":\"ListItem\",\"position\":2,\"name\":\"Vous vous \u00eates d\u00e9sinscrit avec succ\u00e8s\"}]},{\"@type\":\"WebSite\",\"@id\":\"https:\/\/hello.skillflash.be\/fr\/#website\",\"url\":\"https:\/\/hello.skillflash.be\/fr\/\",\"name\":\"SkillFlash\",\"description\":\"The innovative recruitment platform for Belgium\",\"publisher\":{\"@id\":\"https:\/\/hello.skillflash.be\/fr\/#organization\"},\"potentialAction\":[{\"@type\":\"SearchAction\",\"target\":{\"@type\":\"EntryPoint\",\"urlTemplate\":\"https:\/\/hello.skillflash.be\/fr\/?s={search_term_string}\"},\"query-input\":{\"@type\":\"PropertyValueSpecification\",\"valueRequired\":true,\"valueName\":\"search_term_string\"}}],\"inLanguage\":\"fr-FR\"},{\"@type\":\"Organization\",\"@id\":\"https:\/\/hello.skillflash.be\/fr\/#organization\",\"name\":\"SkillFlash\",\"url\":\"https:\/\/hello.skillflash.be\/fr\/\",\"logo\":{\"@type\":\"ImageObject\",\"inLanguage\":\"fr-FR\",\"@id\":\"https:\/\/hello.skillflash.be\/fr\/#\/schema\/logo\/image\/\",\"url\":\"https:\/\/hello.skillflash.be\/wp-content\/uploads\/cropped-Source-Logo-Black-Text.png\",\"contentUrl\":\"https:\/\/hello.skillflash.be\/wp-content\/uploads\/cropped-Source-Logo-Black-Text.png\",\"width\":2545,\"height\":576,\"caption\":\"SkillFlash\"},\"image\":{\"@id\":\"https:\/\/hello.skillflash.be\/fr\/#\/schema\/logo\/image\/\"},\"sameAs\":[\"https:\/\/www.facebook.com\/SkillFlashBE\/\",\"https:\/\/x.com\/SkillFlashBE\",\"https:\/\/www.instagram.com\/skillflashbe\",\"https:\/\/www.linkedin.com\/company\/skillflash\"]}]}<\/script>\n<!-- \/ Yoast SEO Premium plugin. -->","yoast_head_json":{"title":"Vous vous \u00eates d\u00e9sinscrit avec succ\u00e8s - SkillFlash.be","description":"Dire au revoir est facile. Suivez ces \u00e9tapes pour vous d\u00e9sinscrire de SkillFlash et g\u00e9rer rapidement vos pr\u00e9f\u00e9rences en mati\u00e8re d'e-mail.","robots":{"index":"noindex","follow":"nofollow"},"og_locale":"fr_FR","og_type":"article","og_title":"Vous vous \u00eates d\u00e9sinscrit avec succ\u00e8s","og_description":"Dire au revoir est facile. Suivez ces \u00e9tapes pour vous d\u00e9sinscrire de SkillFlash et g\u00e9rer rapidement vos pr\u00e9f\u00e9rences en mati\u00e8re d'e-mail.","og_url":"https:\/\/hello.skillflash.be\/fr\/vous-avez-desabonne-avec-succes\/","og_site_name":"SkillFlash.be","article_publisher":"https:\/\/www.facebook.com\/SkillFlashBE\/","article_modified_time":"2025-10-15T11:06:09+00:00","twitter_card":"summary_large_image","twitter_site":"@SkillFlashBE","schema":{"@context":"https:\/\/schema.org","@graph":[{"@type":"WebPage","@id":"https:\/\/hello.skillflash.be\/fr\/vous-avez-desabonne-avec-succes\/","url":"https:\/\/hello.skillflash.be\/fr\/vous-avez-desabonne-avec-succes\/","name":"Vous vous \u00eates d\u00e9sinscrit avec succ\u00e8s - SkillFlash.be","isPartOf":{"@id":"https:\/\/hello.skillflash.be\/fr\/#website"},"datePublished":"2024-01-24T14:36:12+00:00","dateModified":"2025-10-15T11:06:09+00:00","description":"Dire au revoir est facile. Suivez ces \u00e9tapes pour vous d\u00e9sinscrire de SkillFlash et g\u00e9rer rapidement vos pr\u00e9f\u00e9rences en mati\u00e8re d'e-mail.","breadcrumb":{"@id":"https:\/\/hello.skillflash.be\/fr\/vous-avez-desabonne-avec-succes\/#breadcrumb"},"inLanguage":"fr-FR","potentialAction":[{"@type":"ReadAction","target":["https:\/\/hello.skillflash.be\/fr\/vous-avez-desabonne-avec-succes\/"]}]},{"@type":"BreadcrumbList","@id":"https:\/\/hello.skillflash.be\/fr\/vous-avez-desabonne-avec-succes\/#breadcrumb","itemListElement":[{"@type":"ListItem","position":1,"name":"Home","item":"https:\/\/hello.skillflash.be\/fr\/"},{"@type":"ListItem","position":2,"name":"Vous vous \u00eates d\u00e9sinscrit avec succ\u00e8s"}]},{"@type":"WebSite","@id":"https:\/\/hello.skillflash.be\/fr\/#website","url":"https:\/\/hello.skillflash.be\/fr\/","name":"SkillFlash","description":"The innovative recruitment platform for Belgium","publisher":{"@id":"https:\/\/hello.skillflash.be\/fr\/#organization"},"potentialAction":[{"@type":"SearchAction","target":{"@type":"EntryPoint","urlTemplate":"https:\/\/hello.skillflash.be\/fr\/?s={search_term_string}"},"query-input":{"@type":"PropertyValueSpecification","valueRequired":true,"valueName":"search_term_string"}}],"inLanguage":"fr-FR"},{"@type":"Organization","@id":"https:\/\/hello.skillflash.be\/fr\/#organization","name":"SkillFlash","url":"https:\/\/hello.skillflash.be\/fr\/","logo":{"@type":"ImageObject","inLanguage":"fr-FR","@id":"https:\/\/hello.skillflash.be\/fr\/#\/schema\/logo\/image\/","url":"https:\/\/hello.skillflash.be\/wp-content\/uploads\/cropped-Source-Logo-Black-Text.png","contentUrl":"https:\/\/hello.skillflash.be\/wp-content\/uploads\/cropped-Source-Logo-Black-Text.png","width":2545,"height":576,"caption":"SkillFlash"},"image":{"@id":"https:\/\/hello.skillflash.be\/fr\/#\/schema\/logo\/image\/"},"sameAs":["https:\/\/www.facebook.com\/SkillFlashBE\/","https:\/\/x.com\/SkillFlashBE","https:\/\/www.instagram.com\/skillflashbe","https:\/\/www.linkedin.com\/company\/skillflash"]}]}},"_links":{"self":[{"href":"https:\/\/hello.skillflash.be\/fr\/wp-json\/wp\/v2\/pages\/6155","targetHints":{"allow":["GET"]}}],"collection":[{"href":"https:\/\/hello.skillflash.be\/fr\/wp-json\/wp\/v2\/pages"}],"about":[{"href":"https:\/\/hello.skillflash.be\/fr\/wp-json\/wp\/v2\/types\/page"}],"author":[{"embeddable":true,"href":"https:\/\/hello.skillflash.be\/fr\/wp-json\/wp\/v2\/users\/1"}],"replies":[{"embeddable":true,"href":"https:\/\/hello.skillflash.be\/fr\/wp-json\/wp\/v2\/comments?post=6155"}],"version-history":[{"count":1,"href":"https:\/\/hello.skillflash.be\/fr\/wp-json\/wp\/v2\/pages\/6155\/revisions"}],"predecessor-version":[{"id":6156,"href":"https:\/\/hello.skillflash.be\/fr\/wp-json\/wp\/v2\/pages\/6155\/revisions\/6156"}],"wp:attachment":[{"href":"https:\/\/hello.skillflash.be\/fr\/wp-json\/wp\/v2\/media?parent=6155"}],"curies":[{"name":"wp","href":"https:\/\/api.w.org\/{rel}","templated":true}]}}