{"id":6599,"date":"2025-07-28T12:51:44","date_gmt":"2025-07-28T10:51:44","guid":{"rendered":"https:\/\/hello.skillflash.be\/bonjour-candidat\/"},"modified":"2025-10-30T13:40:29","modified_gmt":"2025-10-30T12:40:29","slug":"bonjour-candidat","status":"publish","type":"page","link":"https:\/\/hello.skillflash.be\/fr\/bonjour-candidat\/","title":{"rendered":"Bonjour Candidat"},"content":{"rendered":"\t\t<div data-elementor-type=\"wp-page\" data-elementor-id=\"6599\" class=\"elementor elementor-6599 elementor-5880\" data-elementor-post-type=\"page\">\n\t\t\t\t\t\t<section class=\"elementor-section elementor-top-section elementor-element elementor-element-332cacd elementor-section-boxed elementor-section-height-default elementor-section-height-default\" data-id=\"332cacd\" data-element_type=\"section\" data-e-type=\"section\" data-settings=\"{&quot;background_background&quot;:&quot;classic&quot;}\">\n\t\t\t\t\t\t<div class=\"elementor-container elementor-column-gap-default\">\n\t\t\t\t\t<div class=\"elementor-column elementor-col-100 elementor-top-column elementor-element elementor-element-2020bbe6\" data-id=\"2020bbe6\" data-element_type=\"column\" data-e-type=\"column\">\n\t\t\t<div class=\"elementor-widget-wrap elementor-element-populated\">\n\t\t\t\t\t\t<div class=\"elementor-element elementor-element-3b2aee0 elementor-widget elementor-widget-heading\" data-id=\"3b2aee0\" data-element_type=\"widget\" data-e-type=\"widget\" data-widget_type=\"heading.default\">\n\t\t\t\t<div class=\"elementor-widget-container\">\n\t\t\t\t\t<h1 class=\"elementor-heading-title elementor-size-default\">Trouvez le Job<br><span style=\"color:#FF7E2B\">Que vous voulez vraiment.<\/span> <\/h1>\t\t\t\t<\/div>\n\t\t\t\t<\/div>\n\t\t\t\t<div class=\"elementor-element elementor-element-44a27841 elementor-widget elementor-widget-text-editor\" data-id=\"44a27841\" data-element_type=\"widget\" data-e-type=\"widget\" data-widget_type=\"text-editor.default\">\n\t\t\t\t<div class=\"elementor-widget-container\">\n\t\t\t\t\t\t\t\t\t<p>SkillFlash est une plateforme innovante pour les emplois dans les domaines de l&rsquo;informatique, de l&rsquo;ing\u00e9nierie et de la finance. <br>Il est con\u00e7u pour trouver l&rsquo;Emploi qui vous correspond, en fonction de vos exigences et de vos comp\u00e9tences sp\u00e9cifiques.<\/p>\t\t\t\t\t\t\t\t<\/div>\n\t\t\t\t<\/div>\n\t\t\t\t\t<\/div>\n\t\t<\/div>\n\t\t\t\t\t<\/div>\n\t\t<\/section>\n\t\t<div class=\"elementor-element elementor-element-362c438 e-grid e-con-boxed e-con e-parent\" data-id=\"362c438\" data-element_type=\"container\" data-e-type=\"container\">\n\t\t\t\t\t<div class=\"e-con-inner\">\n\t\t<div class=\"elementor-element elementor-element-d325393 e-con-full e-flex e-con e-child\" data-id=\"d325393\" data-element_type=\"container\" data-e-type=\"container\">\n\t\t\t\t<div class=\"elementor-element elementor-element-dadc1a1 elementor-position-top elementor-widget elementor-widget-image-box\" data-id=\"dadc1a1\" data-element_type=\"widget\" data-e-type=\"widget\" data-widget_type=\"image-box.default\">\n\t\t\t\t<div class=\"elementor-widget-container\">\n\t\t\t\t\t<div class=\"elementor-image-box-wrapper\"><figure class=\"elementor-image-box-img\"><img fetchpriority=\"high\" decoding=\"async\" width=\"1024\" height=\"1024\" src=\"https:\/\/hello.skillflash.be\/wp-content\/uploads\/Icon-IT-Sector-Orange-on-Transparent.svg\" class=\"attachment-thumbnail size-thumbnail wp-image-5938\" alt=\"\" style=\"width:100%;height:100%;max-width:1024px\" \/><\/figure><div class=\"elementor-image-box-content\"><h3 class=\"elementor-image-box-title\">IT<\/h3><\/div><\/div>\t\t\t\t<\/div>\n\t\t\t\t<\/div>\n\t\t\t\t<div class=\"elementor-element elementor-element-2d048cc elementor-align-justify elementor-widget elementor-widget-button\" data-id=\"2d048cc\" data-element_type=\"widget\" data-e-type=\"widget\" data-widget_type=\"button.default\">\n\t\t\t\t<div class=\"elementor-widget-container\">\n\t\t\t\t\t\t\t\t\t<div class=\"elementor-button-wrapper\">\n\t\t\t\t\t<a class=\"elementor-button elementor-button-link elementor-size-sm\" href=\"https:\/\/skillflash.be\/fr\/it\/consultant\/welcome\/\">\n\t\t\t\t\t\t<span class=\"elementor-button-content-wrapper\">\n\t\t\t\t\t\t\t\t\t<span class=\"elementor-button-text\">CR\u00c9EZ VOTRE PROFIL INFORMATIQUE<\/span>\n\t\t\t\t\t<\/span>\n\t\t\t\t\t<\/a>\n\t\t\t\t<\/div>\n\t\t\t\t\t\t\t\t<\/div>\n\t\t\t\t<\/div>\n\t\t\t\t<div class=\"elementor-element elementor-element-588345b elementor-align-justify elementor-widget elementor-widget-button\" data-id=\"588345b\" data-element_type=\"widget\" data-e-type=\"widget\" data-widget_type=\"button.default\">\n\t\t\t\t<div class=\"elementor-widget-container\">\n\t\t\t\t\t\t\t\t\t<div class=\"elementor-button-wrapper\">\n\t\t\t\t\t<a class=\"elementor-button elementor-button-link elementor-size-sm\" href=\"https:\/\/skillflash.be\/fr\/it\/consultant\/welcome\/20230316\">\n\t\t\t\t\t\t<span class=\"elementor-button-content-wrapper\">\n\t\t\t\t\t\t\t\t\t<span class=\"elementor-button-text\">ENREGISTREMENT RAPIDE<\/span>\n\t\t\t\t\t<\/span>\n\t\t\t\t\t<\/a>\n\t\t\t\t<\/div>\n\t\t\t\t\t\t\t\t<\/div>\n\t\t\t\t<\/div>\n\t\t\t\t<div class=\"elementor-element elementor-element-8cc1316 elementor-align-justify elementor-widget elementor-widget-button\" data-id=\"8cc1316\" data-element_type=\"widget\" data-e-type=\"widget\" data-widget_type=\"button.default\">\n\t\t\t\t<div class=\"elementor-widget-container\">\n\t\t\t\t\t\t\t\t\t<div class=\"elementor-button-wrapper\">\n\t\t\t\t\t<a class=\"elementor-button elementor-button-link elementor-size-sm\" href=\"https:\/\/hello.skillflash.be\/fr\/emplois-pour-talents-en-informatique\/\">\n\t\t\t\t\t\t<span class=\"elementor-button-content-wrapper\">\n\t\t\t\t\t\t\t\t\t<span class=\"elementor-button-text\">En savoir plus<\/span>\n\t\t\t\t\t<\/span>\n\t\t\t\t\t<\/a>\n\t\t\t\t<\/div>\n\t\t\t\t\t\t\t\t<\/div>\n\t\t\t\t<\/div>\n\t\t\t\t<\/div>\n\t\t<div class=\"elementor-element elementor-element-aa946ca e-con-full e-flex e-con e-child\" data-id=\"aa946ca\" data-element_type=\"container\" data-e-type=\"container\">\n\t\t\t\t<div class=\"elementor-element elementor-element-2d6cc51 elementor-position-top elementor-widget elementor-widget-image-box\" data-id=\"2d6cc51\" data-element_type=\"widget\" data-e-type=\"widget\" data-widget_type=\"image-box.default\">\n\t\t\t\t<div class=\"elementor-widget-container\">\n\t\t\t\t\t<div class=\"elementor-image-box-wrapper\"><figure class=\"elementor-image-box-img\"><img decoding=\"async\" width=\"1024\" height=\"1024\" src=\"https:\/\/hello.skillflash.be\/wp-content\/uploads\/Icon-Engineering-Sector.svg\" class=\"attachment-thumbnail size-thumbnail wp-image-5932\" alt=\"\" style=\"width:100%;height:100%;max-width:1024px\" \/><\/figure><div class=\"elementor-image-box-content\"><h3 class=\"elementor-image-box-title\">Ing\u00e9nierie<\/h3><\/div><\/div>\t\t\t\t<\/div>\n\t\t\t\t<\/div>\n\t\t\t\t<div class=\"elementor-element elementor-element-2d78a93 elementor-align-justify elementor-widget elementor-widget-button\" data-id=\"2d78a93\" data-element_type=\"widget\" data-e-type=\"widget\" data-widget_type=\"button.default\">\n\t\t\t\t<div class=\"elementor-widget-container\">\n\t\t\t\t\t\t\t\t\t<div class=\"elementor-button-wrapper\">\n\t\t\t\t\t<a class=\"elementor-button elementor-button-link elementor-size-sm\" href=\"https:\/\/skillflash.be\/fr\/eng\/consultant\/welcome\/\">\n\t\t\t\t\t\t<span class=\"elementor-button-content-wrapper\">\n\t\t\t\t\t\t\t\t\t<span class=\"elementor-button-text\">CR\u00c9EZ VOTRE PROFIL D'ING\u00c9NIEUR<\/span>\n\t\t\t\t\t<\/span>\n\t\t\t\t\t<\/a>\n\t\t\t\t<\/div>\n\t\t\t\t\t\t\t\t<\/div>\n\t\t\t\t<\/div>\n\t\t\t\t<div class=\"elementor-element elementor-element-a3037d1 elementor-align-justify elementor-widget elementor-widget-button\" data-id=\"a3037d1\" data-element_type=\"widget\" data-e-type=\"widget\" data-widget_type=\"button.default\">\n\t\t\t\t<div class=\"elementor-widget-container\">\n\t\t\t\t\t\t\t\t\t<div class=\"elementor-button-wrapper\">\n\t\t\t\t\t<a class=\"elementor-button elementor-button-link elementor-size-sm\" href=\"https:\/\/skillflash.be\/fr\/eng\/consultant\/welcome\/20230316\">\n\t\t\t\t\t\t<span class=\"elementor-button-content-wrapper\">\n\t\t\t\t\t\t\t\t\t<span class=\"elementor-button-text\">ENREGISTREMENT RAPIDE<\/span>\n\t\t\t\t\t<\/span>\n\t\t\t\t\t<\/a>\n\t\t\t\t<\/div>\n\t\t\t\t\t\t\t\t<\/div>\n\t\t\t\t<\/div>\n\t\t\t\t<div class=\"elementor-element elementor-element-3334dd1 elementor-align-justify elementor-widget elementor-widget-button\" data-id=\"3334dd1\" data-element_type=\"widget\" data-e-type=\"widget\" data-widget_type=\"button.default\">\n\t\t\t\t<div class=\"elementor-widget-container\">\n\t\t\t\t\t\t\t\t\t<div class=\"elementor-button-wrapper\">\n\t\t\t\t\t<a class=\"elementor-button elementor-button-link elementor-size-sm\" href=\"https:\/\/hello.skillflash.be\/fr\/emplois-pour-les-ingenieurs-talentueux\/\">\n\t\t\t\t\t\t<span class=\"elementor-button-content-wrapper\">\n\t\t\t\t\t\t\t\t\t<span class=\"elementor-button-text\">En savoir plus<\/span>\n\t\t\t\t\t<\/span>\n\t\t\t\t\t<\/a>\n\t\t\t\t<\/div>\n\t\t\t\t\t\t\t\t<\/div>\n\t\t\t\t<\/div>\n\t\t\t\t<\/div>\n\t\t<div class=\"elementor-element elementor-element-23afed8 e-con-full e-flex e-con e-child\" data-id=\"23afed8\" data-element_type=\"container\" data-e-type=\"container\">\n\t\t\t\t<div class=\"elementor-element elementor-element-ec329a2 elementor-position-top elementor-widget elementor-widget-image-box\" data-id=\"ec329a2\" data-element_type=\"widget\" data-e-type=\"widget\" data-widget_type=\"image-box.default\">\n\t\t\t\t<div class=\"elementor-widget-container\">\n\t\t\t\t\t<div class=\"elementor-image-box-wrapper\"><figure class=\"elementor-image-box-img\"><img decoding=\"async\" width=\"1024\" height=\"1024\" src=\"https:\/\/hello.skillflash.be\/wp-content\/uploads\/Icon-Finance-Sector.svg\" class=\"attachment-thumbnail size-thumbnail wp-image-5935\" alt=\"\" style=\"width:100%;height:100%;max-width:1024px\" \/><\/figure><div class=\"elementor-image-box-content\"><h3 class=\"elementor-image-box-title\">Finances<\/h3><\/div><\/div>\t\t\t\t<\/div>\n\t\t\t\t<\/div>\n\t\t\t\t<div class=\"elementor-element elementor-element-bbc4873 elementor-align-justify elementor-widget elementor-widget-button\" data-id=\"bbc4873\" data-element_type=\"widget\" data-e-type=\"widget\" data-widget_type=\"button.default\">\n\t\t\t\t<div class=\"elementor-widget-container\">\n\t\t\t\t\t\t\t\t\t<div class=\"elementor-button-wrapper\">\n\t\t\t\t\t<a class=\"elementor-button elementor-button-link elementor-size-sm\" href=\"https:\/\/skillflash.be\/fr\/fin\/consultant\/welcome\/\">\n\t\t\t\t\t\t<span class=\"elementor-button-content-wrapper\">\n\t\t\t\t\t\t\t\t\t<span class=\"elementor-button-text\">CR\u00c9EZ VOTRE PROFIL FINANCES<\/span>\n\t\t\t\t\t<\/span>\n\t\t\t\t\t<\/a>\n\t\t\t\t<\/div>\n\t\t\t\t\t\t\t\t<\/div>\n\t\t\t\t<\/div>\n\t\t\t\t<div class=\"elementor-element elementor-element-3081cb2 elementor-align-justify elementor-widget elementor-widget-button\" data-id=\"3081cb2\" data-element_type=\"widget\" data-e-type=\"widget\" data-widget_type=\"button.default\">\n\t\t\t\t<div class=\"elementor-widget-container\">\n\t\t\t\t\t\t\t\t\t<div class=\"elementor-button-wrapper\">\n\t\t\t\t\t<a class=\"elementor-button elementor-button-link elementor-size-sm\" href=\"https:\/\/skillflash.be\/fr\/fin\/consultant\/welcome\/20230316\">\n\t\t\t\t\t\t<span class=\"elementor-button-content-wrapper\">\n\t\t\t\t\t\t\t\t\t<span class=\"elementor-button-text\">ENREGISTREMENT RAPIDE<\/span>\n\t\t\t\t\t<\/span>\n\t\t\t\t\t<\/a>\n\t\t\t\t<\/div>\n\t\t\t\t\t\t\t\t<\/div>\n\t\t\t\t<\/div>\n\t\t\t\t<div class=\"elementor-element elementor-element-9819f5c elementor-align-justify elementor-widget elementor-widget-button\" data-id=\"9819f5c\" data-element_type=\"widget\" data-e-type=\"widget\" data-widget_type=\"button.default\">\n\t\t\t\t<div class=\"elementor-widget-container\">\n\t\t\t\t\t\t\t\t\t<div class=\"elementor-button-wrapper\">\n\t\t\t\t\t<a class=\"elementor-button elementor-button-link elementor-size-sm\" href=\"https:\/\/hello.skillflash.be\/fr\/emplois-pour-les-talents-de-la-finance\/\">\n\t\t\t\t\t\t<span class=\"elementor-button-content-wrapper\">\n\t\t\t\t\t\t\t\t\t<span class=\"elementor-button-text\">En savoir plus<\/span>\n\t\t\t\t\t<\/span>\n\t\t\t\t\t<\/a>\n\t\t\t\t<\/div>\n\t\t\t\t\t\t\t\t<\/div>\n\t\t\t\t<\/div>\n\t\t\t\t<\/div>\n\t\t\t\t\t<\/div>\n\t\t\t\t<\/div>\n\t\t\t\t<section class=\"elementor-section elementor-top-section elementor-element elementor-element-51e77ba elementor-section-boxed elementor-section-height-default elementor-section-height-default\" data-id=\"51e77ba\" data-element_type=\"section\" data-e-type=\"section\" data-settings=\"{&quot;background_background&quot;:&quot;classic&quot;}\">\n\t\t\t\t\t\t\t<div class=\"elementor-background-overlay\"><\/div>\n\t\t\t\t\t\t\t<div class=\"elementor-container elementor-column-gap-default\">\n\t\t\t\t\t<div class=\"elementor-column elementor-col-100 elementor-top-column elementor-element elementor-element-e778475\" data-id=\"e778475\" data-element_type=\"column\" data-e-type=\"column\">\n\t\t\t<div class=\"elementor-widget-wrap elementor-element-populated\">\n\t\t\t\t\t\t<div class=\"elementor-element elementor-element-59354fb elementor-widget elementor-widget-heading\" data-id=\"59354fb\" data-element_type=\"widget\" data-e-type=\"widget\" data-widget_type=\"heading.default\">\n\t\t\t\t<div class=\"elementor-widget-container\">\n\t\t\t\t\t<h2 class=\"elementor-heading-title elementor-size-default\">Tirez le meilleur parti de votre exp\u00e9rience professionnelle<\/h2>\t\t\t\t<\/div>\n\t\t\t\t<\/div>\n\t\t\t\t<div class=\"elementor-element elementor-element-e461fee elementor-widget elementor-widget-text-editor\" data-id=\"e461fee\" data-element_type=\"widget\" data-e-type=\"widget\" data-widget_type=\"text-editor.default\">\n\t\t\t\t<div class=\"elementor-widget-container\">\n\t\t\t\t\t\t\t\t\tTrouvez l&rsquo;Emploi qui correspond \u00e0 vos comp\u00e9tences et \u00e0 vos besoins gr\u00e2ce \u00e0\nnotre plateforme innovante.\nCr\u00e9ez votre profil, listez vos exigences et vos comp\u00e9tences,\net explorez les opportunit\u00e9s de correspondance s\u00e9lectionn\u00e9es.\t\t\t\t\t\t\t\t<\/div>\n\t\t\t\t<\/div>\n\t\t\t\t\t<\/div>\n\t\t<\/div>\n\t\t\t\t\t<\/div>\n\t\t<\/section>\n\t\t\t\t<\/div>\n\t\t","protected":false},"excerpt":{"rendered":"<p>Trouvez le JobQue vous voulez vraiment. SkillFlash est une plateforme innovante pour les emplois dans les domaines de l&rsquo;informatique, de l&rsquo;ing\u00e9nierie et de la finance. Il est con\u00e7u pour trouver l&rsquo;Emploi qui vous correspond, en fonction de vos exigences et de vos comp\u00e9tences sp\u00e9cifiques. IT CR\u00c9EZ VOTRE PROFIL INFORMATIQUE ENREGISTREMENT RAPIDE En savoir plus Ing\u00e9nierie&hellip; <a class=\"more-link\" href=\"https:\/\/hello.skillflash.be\/fr\/bonjour-candidat\/\">Poursuivre la lecture <span class=\"screen-reader-text\">Bonjour Candidat<\/span><\/a><\/p>\n","protected":false},"author":1,"featured_media":0,"parent":0,"menu_order":0,"comment_status":"closed","ping_status":"closed","template":"","meta":{"footnotes":""},"class_list":["post-6599","page","type-page","status-publish","hentry","entry"],"yoast_head":"<!-- This site is optimized with the Yoast SEO Premium plugin v26.7 (Yoast SEO v26.7) - https:\/\/yoast.com\/wordpress\/plugins\/seo\/ -->\n<title>Trouvez l&#039;Emploi qui vous convient sur la plateforme SkillFlash<\/title>\n<meta name=\"description\" content=\"Plateforme de recrutement IT Belgique : d\u00e9couvrez des opportunit\u00e9s d&#039;emploi en informatique, postulez directement et g\u00e9rez votre profil facilement.\" \/>\n<meta name=\"robots\" content=\"index, follow, max-snippet:-1, max-image-preview:large, max-video-preview:-1\" \/>\n<link rel=\"canonical\" href=\"https:\/\/hello.skillflash.be\/fr\/bonjour-candidat\/\" \/>\n<meta property=\"og:locale\" content=\"fr_FR\" \/>\n<meta property=\"og:type\" content=\"article\" \/>\n<meta property=\"og:title\" content=\"Bonjour Candidat\" \/>\n<meta property=\"og:description\" content=\"Plateforme de recrutement IT Belgique : d\u00e9couvrez des opportunit\u00e9s d&#039;emploi en informatique, postulez directement et g\u00e9rez votre profil facilement.\" \/>\n<meta property=\"og:url\" content=\"https:\/\/hello.skillflash.be\/fr\/bonjour-candidat\/\" \/>\n<meta property=\"og:site_name\" content=\"SkillFlash.be\" \/>\n<meta property=\"article:publisher\" content=\"https:\/\/www.facebook.com\/SkillFlashBE\/\" \/>\n<meta property=\"article:modified_time\" content=\"2025-10-30T12:40:29+00:00\" \/>\n<meta property=\"og:image\" content=\"https:\/\/hello.skillflash.be\/wp-content\/uploads\/Icon-IT-Sector-Orange-on-Transparent.svg\" \/>\n<meta name=\"twitter:card\" content=\"summary_large_image\" \/>\n<meta name=\"twitter:site\" content=\"@SkillFlashBE\" \/>\n<meta name=\"twitter:label1\" content=\"Dur\u00e9e de lecture estim\u00e9e\" \/>\n\t<meta name=\"twitter:data1\" content=\"1 minute\" \/>\n<script type=\"application\/ld+json\" class=\"yoast-schema-graph\">{\"@context\":\"https:\/\/schema.org\",\"@graph\":[{\"@type\":\"WebPage\",\"@id\":\"https:\/\/hello.skillflash.be\/fr\/bonjour-candidat\/\",\"url\":\"https:\/\/hello.skillflash.be\/fr\/bonjour-candidat\/\",\"name\":\"Trouvez l'Emploi qui vous convient sur la plateforme SkillFlash\",\"isPartOf\":{\"@id\":\"https:\/\/hello.skillflash.be\/fr\/#website\"},\"primaryImageOfPage\":{\"@id\":\"https:\/\/hello.skillflash.be\/fr\/bonjour-candidat\/#primaryimage\"},\"image\":{\"@id\":\"https:\/\/hello.skillflash.be\/fr\/bonjour-candidat\/#primaryimage\"},\"thumbnailUrl\":\"https:\/\/hello.skillflash.be\/wp-content\/uploads\/Icon-IT-Sector-Orange-on-Transparent.svg\",\"datePublished\":\"2025-07-28T10:51:44+00:00\",\"dateModified\":\"2025-10-30T12:40:29+00:00\",\"description\":\"Plateforme de recrutement IT Belgique : d\u00e9couvrez des opportunit\u00e9s d'emploi en informatique, postulez directement et g\u00e9rez votre profil facilement.\",\"breadcrumb\":{\"@id\":\"https:\/\/hello.skillflash.be\/fr\/bonjour-candidat\/#breadcrumb\"},\"inLanguage\":\"fr-FR\",\"potentialAction\":[{\"@type\":\"ReadAction\",\"target\":[\"https:\/\/hello.skillflash.be\/fr\/bonjour-candidat\/\"]}]},{\"@type\":\"ImageObject\",\"inLanguage\":\"fr-FR\",\"@id\":\"https:\/\/hello.skillflash.be\/fr\/bonjour-candidat\/#primaryimage\",\"url\":\"https:\/\/hello.skillflash.be\/wp-content\/uploads\/Icon-IT-Sector-Orange-on-Transparent.svg\",\"contentUrl\":\"https:\/\/hello.skillflash.be\/wp-content\/uploads\/Icon-IT-Sector-Orange-on-Transparent.svg\"},{\"@type\":\"BreadcrumbList\",\"@id\":\"https:\/\/hello.skillflash.be\/fr\/bonjour-candidat\/#breadcrumb\",\"itemListElement\":[{\"@type\":\"ListItem\",\"position\":1,\"name\":\"Home\",\"item\":\"https:\/\/hello.skillflash.be\/fr\/\"},{\"@type\":\"ListItem\",\"position\":2,\"name\":\"Bonjour Candidat\"}]},{\"@type\":\"WebSite\",\"@id\":\"https:\/\/hello.skillflash.be\/fr\/#website\",\"url\":\"https:\/\/hello.skillflash.be\/fr\/\",\"name\":\"SkillFlash\",\"description\":\"The innovative recruitment platform for Belgium\",\"publisher\":{\"@id\":\"https:\/\/hello.skillflash.be\/fr\/#organization\"},\"potentialAction\":[{\"@type\":\"SearchAction\",\"target\":{\"@type\":\"EntryPoint\",\"urlTemplate\":\"https:\/\/hello.skillflash.be\/fr\/?s={search_term_string}\"},\"query-input\":{\"@type\":\"PropertyValueSpecification\",\"valueRequired\":true,\"valueName\":\"search_term_string\"}}],\"inLanguage\":\"fr-FR\"},{\"@type\":\"Organization\",\"@id\":\"https:\/\/hello.skillflash.be\/fr\/#organization\",\"name\":\"SkillFlash\",\"url\":\"https:\/\/hello.skillflash.be\/fr\/\",\"logo\":{\"@type\":\"ImageObject\",\"inLanguage\":\"fr-FR\",\"@id\":\"https:\/\/hello.skillflash.be\/fr\/#\/schema\/logo\/image\/\",\"url\":\"https:\/\/hello.skillflash.be\/wp-content\/uploads\/cropped-Source-Logo-Black-Text.png\",\"contentUrl\":\"https:\/\/hello.skillflash.be\/wp-content\/uploads\/cropped-Source-Logo-Black-Text.png\",\"width\":2545,\"height\":576,\"caption\":\"SkillFlash\"},\"image\":{\"@id\":\"https:\/\/hello.skillflash.be\/fr\/#\/schema\/logo\/image\/\"},\"sameAs\":[\"https:\/\/www.facebook.com\/SkillFlashBE\/\",\"https:\/\/x.com\/SkillFlashBE\",\"https:\/\/www.instagram.com\/skillflashbe\",\"https:\/\/www.linkedin.com\/company\/skillflash\"]}]}<\/script>\n<!-- \/ Yoast SEO Premium plugin. -->","yoast_head_json":{"title":"Trouvez l'Emploi qui vous convient sur la plateforme SkillFlash","description":"Plateforme de recrutement IT Belgique : d\u00e9couvrez des opportunit\u00e9s d'emploi en informatique, postulez directement et g\u00e9rez votre profil facilement.","robots":{"index":"index","follow":"follow","max-snippet":"max-snippet:-1","max-image-preview":"max-image-preview:large","max-video-preview":"max-video-preview:-1"},"canonical":"https:\/\/hello.skillflash.be\/fr\/bonjour-candidat\/","og_locale":"fr_FR","og_type":"article","og_title":"Bonjour Candidat","og_description":"Plateforme de recrutement IT Belgique : d\u00e9couvrez des opportunit\u00e9s d'emploi en informatique, postulez directement et g\u00e9rez votre profil facilement.","og_url":"https:\/\/hello.skillflash.be\/fr\/bonjour-candidat\/","og_site_name":"SkillFlash.be","article_publisher":"https:\/\/www.facebook.com\/SkillFlashBE\/","article_modified_time":"2025-10-30T12:40:29+00:00","og_image":[{"url":"https:\/\/hello.skillflash.be\/wp-content\/uploads\/Icon-IT-Sector-Orange-on-Transparent.svg","type":"","width":"","height":""}],"twitter_card":"summary_large_image","twitter_site":"@SkillFlashBE","twitter_misc":{"Dur\u00e9e de lecture estim\u00e9e":"1 minute"},"schema":{"@context":"https:\/\/schema.org","@graph":[{"@type":"WebPage","@id":"https:\/\/hello.skillflash.be\/fr\/bonjour-candidat\/","url":"https:\/\/hello.skillflash.be\/fr\/bonjour-candidat\/","name":"Trouvez l'Emploi qui vous convient sur la plateforme SkillFlash","isPartOf":{"@id":"https:\/\/hello.skillflash.be\/fr\/#website"},"primaryImageOfPage":{"@id":"https:\/\/hello.skillflash.be\/fr\/bonjour-candidat\/#primaryimage"},"image":{"@id":"https:\/\/hello.skillflash.be\/fr\/bonjour-candidat\/#primaryimage"},"thumbnailUrl":"https:\/\/hello.skillflash.be\/wp-content\/uploads\/Icon-IT-Sector-Orange-on-Transparent.svg","datePublished":"2025-07-28T10:51:44+00:00","dateModified":"2025-10-30T12:40:29+00:00","description":"Plateforme de recrutement IT Belgique : d\u00e9couvrez des opportunit\u00e9s d'emploi en informatique, postulez directement et g\u00e9rez votre profil facilement.","breadcrumb":{"@id":"https:\/\/hello.skillflash.be\/fr\/bonjour-candidat\/#breadcrumb"},"inLanguage":"fr-FR","potentialAction":[{"@type":"ReadAction","target":["https:\/\/hello.skillflash.be\/fr\/bonjour-candidat\/"]}]},{"@type":"ImageObject","inLanguage":"fr-FR","@id":"https:\/\/hello.skillflash.be\/fr\/bonjour-candidat\/#primaryimage","url":"https:\/\/hello.skillflash.be\/wp-content\/uploads\/Icon-IT-Sector-Orange-on-Transparent.svg","contentUrl":"https:\/\/hello.skillflash.be\/wp-content\/uploads\/Icon-IT-Sector-Orange-on-Transparent.svg"},{"@type":"BreadcrumbList","@id":"https:\/\/hello.skillflash.be\/fr\/bonjour-candidat\/#breadcrumb","itemListElement":[{"@type":"ListItem","position":1,"name":"Home","item":"https:\/\/hello.skillflash.be\/fr\/"},{"@type":"ListItem","position":2,"name":"Bonjour Candidat"}]},{"@type":"WebSite","@id":"https:\/\/hello.skillflash.be\/fr\/#website","url":"https:\/\/hello.skillflash.be\/fr\/","name":"SkillFlash","description":"The innovative recruitment platform for Belgium","publisher":{"@id":"https:\/\/hello.skillflash.be\/fr\/#organization"},"potentialAction":[{"@type":"SearchAction","target":{"@type":"EntryPoint","urlTemplate":"https:\/\/hello.skillflash.be\/fr\/?s={search_term_string}"},"query-input":{"@type":"PropertyValueSpecification","valueRequired":true,"valueName":"search_term_string"}}],"inLanguage":"fr-FR"},{"@type":"Organization","@id":"https:\/\/hello.skillflash.be\/fr\/#organization","name":"SkillFlash","url":"https:\/\/hello.skillflash.be\/fr\/","logo":{"@type":"ImageObject","inLanguage":"fr-FR","@id":"https:\/\/hello.skillflash.be\/fr\/#\/schema\/logo\/image\/","url":"https:\/\/hello.skillflash.be\/wp-content\/uploads\/cropped-Source-Logo-Black-Text.png","contentUrl":"https:\/\/hello.skillflash.be\/wp-content\/uploads\/cropped-Source-Logo-Black-Text.png","width":2545,"height":576,"caption":"SkillFlash"},"image":{"@id":"https:\/\/hello.skillflash.be\/fr\/#\/schema\/logo\/image\/"},"sameAs":["https:\/\/www.facebook.com\/SkillFlashBE\/","https:\/\/x.com\/SkillFlashBE","https:\/\/www.instagram.com\/skillflashbe","https:\/\/www.linkedin.com\/company\/skillflash"]}]}},"_links":{"self":[{"href":"https:\/\/hello.skillflash.be\/fr\/wp-json\/wp\/v2\/pages\/6599","targetHints":{"allow":["GET"]}}],"collection":[{"href":"https:\/\/hello.skillflash.be\/fr\/wp-json\/wp\/v2\/pages"}],"about":[{"href":"https:\/\/hello.skillflash.be\/fr\/wp-json\/wp\/v2\/types\/page"}],"author":[{"embeddable":true,"href":"https:\/\/hello.skillflash.be\/fr\/wp-json\/wp\/v2\/users\/1"}],"replies":[{"embeddable":true,"href":"https:\/\/hello.skillflash.be\/fr\/wp-json\/wp\/v2\/comments?post=6599"}],"version-history":[{"count":7,"href":"https:\/\/hello.skillflash.be\/fr\/wp-json\/wp\/v2\/pages\/6599\/revisions"}],"predecessor-version":[{"id":6742,"href":"https:\/\/hello.skillflash.be\/fr\/wp-json\/wp\/v2\/pages\/6599\/revisions\/6742"}],"wp:attachment":[{"href":"https:\/\/hello.skillflash.be\/fr\/wp-json\/wp\/v2\/media?parent=6599"}],"curies":[{"name":"wp","href":"https:\/\/api.w.org\/{rel}","templated":true}]}}